{"id":3358,"date":"2024-07-16T16:13:42","date_gmt":"2024-07-16T14:13:42","guid":{"rendered":"https:\/\/www.wolfers.be\/autres-services\/"},"modified":"2024-11-19T09:44:26","modified_gmt":"2024-11-19T08:44:26","slug":"autres-services","status":"publish","type":"page","link":"https:\/\/www.wolfers.be\/fr\/la-maison\/autres-services\/","title":{"rendered":"Autres services"},"content":{"rendered":"<section class=\"l-section wpb_row mobilepad0bis height_auto\"><div class=\"l-section-h i-cf\"><div class=\"g-cols vc_row via_flex valign_top type_boxes reversed stacking_default\"><div class=\"vc_col-sm-6 wpb_column vc_column_container\"><div class=\"vc_column-inner us_custom_a518f36e us_animate_this\"><div class=\"wpb_wrapper\"><div class=\"wpb_text_column smallh1\"><div class=\"wpb_wrapper\"><h1>Des soins experts pour vos pr\u00e9cieux souvenirs<\/h1>\n<p>Avec le temps, m\u00eame les bijoux les plus pr\u00e9cieux peuvent perdre leur \u00e9clat d&rsquo;origine. Pourtant, avec un soin et une attention appropri\u00e9s, vos tr\u00e9sors peuvent briller pour les g\u00e9n\u00e9rations \u00e0 venir. Chez Wolfers, nous comprenons la valeur sentimentale et l&rsquo;histoire qui se cachent derri\u00e8re chaque pi\u00e8ce, et nous sommes l\u00e0 pour veiller \u00e0 ce que vos bijoux restent aussi intemporels que les souvenirs qu&rsquo;ils renferment. Notre \u00e9quipe d\u00e9vou\u00e9e, forte de nombreuses ann\u00e9es d&rsquo;expertise professionnelle, propose une gamme compl\u00e8te de services, allant de la restauration m\u00e9ticuleuse \u00e0 l&rsquo;\u00e9valuation et \u00e0 la certification pr\u00e9cises de vos bijoux et de vos pierres pr\u00e9cieuses. Qu&rsquo;il s&rsquo;agisse de redonner vie \u00e0 un h\u00e9ritage familial ou de garantir l&rsquo;authenticit\u00e9 et la valeur d&rsquo;une pi\u00e8ce bien-aim\u00e9e, nous nous engageons \u00e0 pr\u00e9server la beaut\u00e9 et l&rsquo;h\u00e9ritage de vos bijoux, afin qu&rsquo;ils puissent continuer \u00e0 raconter leur histoire dans les ann\u00e9es \u00e0 venir.<\/p>\n<\/div><\/div><\/div><\/div><\/div><div class=\"vc_col-sm-6 wpb_column vc_column_container  has_bg_color\"><div class=\"vc_column-inner us_custom_bf614243 us_animate_this\"><div class=\"wpb_wrapper\"><\/div><\/div><\/div><\/div><\/div><\/section>\n","protected":false},"excerpt":{"rendered":"Des soins experts pour vos pr\u00e9cieux souvenirs Avec le temps, m\u00eame les bijoux les plus pr\u00e9cieux peuvent perdre leur \u00e9clat d&rsquo;origine. Pourtant, avec un soin et une attention appropri\u00e9s, vos tr\u00e9sors peuvent briller pour les g\u00e9n\u00e9rations \u00e0 venir. Chez Wolfers, nous comprenons la valeur sentimentale et l&rsquo;histoire qui se cachent derri\u00e8re chaque pi\u00e8ce, et nous...","protected":false},"author":1,"featured_media":2767,"parent":3431,"menu_order":1,"comment_status":"closed","ping_status":"closed","template":"","meta":{"_acf_changed":false,"footnotes":""},"class_list":["post-3358","page","type-page","status-publish","has-post-thumbnail","hentry"],"acf":[],"_links":{"self":[{"href":"https:\/\/www.wolfers.be\/fr\/wp-json\/wp\/v2\/pages\/3358","targetHints":{"allow":["GET"]}}],"collection":[{"href":"https:\/\/www.wolfers.be\/fr\/wp-json\/wp\/v2\/pages"}],"about":[{"href":"https:\/\/www.wolfers.be\/fr\/wp-json\/wp\/v2\/types\/page"}],"author":[{"embeddable":true,"href":"https:\/\/www.wolfers.be\/fr\/wp-json\/wp\/v2\/users\/1"}],"replies":[{"embeddable":true,"href":"https:\/\/www.wolfers.be\/fr\/wp-json\/wp\/v2\/comments?post=3358"}],"version-history":[{"count":2,"href":"https:\/\/www.wolfers.be\/fr\/wp-json\/wp\/v2\/pages\/3358\/revisions"}],"predecessor-version":[{"id":4429,"href":"https:\/\/www.wolfers.be\/fr\/wp-json\/wp\/v2\/pages\/3358\/revisions\/4429"}],"up":[{"embeddable":true,"href":"https:\/\/www.wolfers.be\/fr\/wp-json\/wp\/v2\/pages\/3431"}],"wp:featuredmedia":[{"embeddable":true,"href":"https:\/\/www.wolfers.be\/fr\/wp-json\/wp\/v2\/media\/2767"}],"wp:attachment":[{"href":"https:\/\/www.wolfers.be\/fr\/wp-json\/wp\/v2\/media?parent=3358"}],"curies":[{"name":"wp","href":"https:\/\/api.w.org\/{rel}","templated":true}]}}