{"id":3370,"date":"2024-07-16T16:13:17","date_gmt":"2024-07-16T14:13:17","guid":{"rendered":"https:\/\/www.wolfers.be\/transformation\/"},"modified":"2026-04-08T13:52:29","modified_gmt":"2026-04-08T11:52:29","slug":"transformation","status":"publish","type":"page","link":"https:\/\/www.wolfers.be\/fr\/sur-mesure\/transformation\/","title":{"rendered":"Transformation"},"content":{"rendered":"<section class=\"l-section wpb_row mobilepad0 height_auto\"><div class=\"l-section-h i-cf\"><div class=\"g-cols vc_row via_flex valign_top type_boxes stacking_default\"><div class=\"vc_col-sm-6 wpb_column vc_column_container mobilepad0col\"><div class=\"vc_column-inner us_custom_5129043e us_animate_this\"><div class=\"wpb_wrapper\"><div class=\"w-video align_none ratio_1x1\"><div class=\"w-video-h\"><video  preload=\"metadata\" playsinline autoplay loop muted><source type=\"video\/mp4\" src=\"https:\/\/www.wolfers.be\/wp-content\/uploads\/2024\/10\/800_expertise-1.mp4\" \/><\/video><\/div><\/div><\/div><\/div><\/div><div class=\"vc_col-sm-6 wpb_column vc_column_container\"><div class=\"vc_column-inner us_custom_a518f36e us_animate_this\"><div class=\"wpb_wrapper\"><div class=\"w-separator size_large\"><\/div><div class=\"wpb_text_column smallh1\"><div class=\"wpb_wrapper\"><h1>Une histoire qui se poursuit&#8230;<\/h1>\n<\/div><\/div><div class=\"w-separator size_large\"><\/div><\/div><\/div><\/div><\/div><\/div><\/section><section class=\"l-section wpb_row mobilepad0bis height_medium\"><div class=\"l-section-h i-cf\"><div class=\"g-cols vc_row via_flex valign_top type_boxes reversed stacking_default\"><div class=\"vc_col-sm-6 wpb_column vc_column_container\"><div class=\"vc_column-inner us_custom_a518f36e us_animate_this\"><div class=\"wpb_wrapper\"><div class=\"w-separator size_small\"><\/div><div class=\"wpb_text_column smallh1\"><div class=\"wpb_wrapper\"><p>Chez Wolfers, nous pensons que chaque bijou est porteur d&rsquo;une tapisserie de souvenirs et d&rsquo;histoires. D\u00e8s sa cr\u00e9ation, un bijou devient un t\u00e9moin silencieux des moments pr\u00e9cieux de la vie &#8211; une promesse d&rsquo;amour, une c\u00e9l\u00e9bration d&rsquo;\u00e9tapes importantes ou un h\u00e9ritage transmis de g\u00e9n\u00e9ration en g\u00e9n\u00e9ration. Chaque taille et sertissage d\u00e9licat symbolise non seulement la beaut\u00e9 mais aussi la renaissance, car les mati\u00e8res premi\u00e8res sont transform\u00e9es en tr\u00e9sors intemporels. R\u00e9imagin\u00e9s par nos artisans, ces pierres et m\u00e9taux re\u00e7oivent une nouvelle vie, refl\u00e9tant un nouveau d\u00e9part et un espoir renouvel\u00e9. Chez Wolfers, les bijoux sont plus qu&rsquo;une simple d\u00e9coration &#8211; ils sont le symbole des voyages les plus significatifs de la vie et du cycle sans fin de la transformation.<\/p>\n<\/div><\/div><div class=\"w-separator size_small\"><\/div>[vc_raw_html]PCEtLSBDYWxlbmRseSBsaW5rIHdpZGdldCBiZWdpbiAtLT4KPGxpbmsgaHJlZj0iaHR0cHM6Ly9hc3NldHMuY2FsZW5kbHkuY29tL2Fzc2V0cy9leHRlcm5hbC93aWRnZXQuY3NzIiByZWw9InN0eWxlc2hlZXQiPgo8c2NyaXB0IHNyYz0iaHR0cHM6Ly9hc3NldHMuY2FsZW5kbHkuY29tL2Fzc2V0cy9leHRlcm5hbC93aWRnZXQuanMiIHR5cGU9InRleHQvamF2YXNjcmlwdCIgYXN5bmM9IiI+PC9zY3JpcHQ+CjxhIGhyZWY9IiIgY2xhc3M9ImJ1dHRvbiIgb25jbGljaz0iQ2FsZW5kbHkuaW5pdFBvcHVwV2lkZ2V0KHt1cmw6ICdodHRwczovL2NhbGVuZGx5LmNvbS93b2xmZXJzLTE4MTIveW91ci1hcHBvaW50bWVudD90ZXh0X2NvbG9yPTM4NGE1OSZhbXA7cHJpbWFyeV9jb2xvcj0zODRhNTknfSk7cmV0dXJuIGZhbHNlOyI+UHJlbmV6IHJlbmRlei12b3VzPC9hPgo8IS0tIENhbGVuZGx5IGxpbmsgd2lkZ2V0IGVuZCAtLT4=[\/vc_raw_html]<div class=\"w-separator size_small\"><\/div><\/div><\/div><\/div><div class=\"vc_col-sm-6 wpb_column vc_column_container  has_bg_color\"><div class=\"vc_column-inner us_custom_9370d096 us_animate_this\"><div class=\"wpb_wrapper\"><\/div><\/div><\/div><\/div><\/div><\/section>\n","protected":false},"excerpt":{"rendered":"Une histoire qui se poursuit&#8230; Chez Wolfers, nous pensons que chaque bijou est porteur d&rsquo;une tapisserie de souvenirs et d&rsquo;histoires. D\u00e8s sa cr\u00e9ation, un bijou devient un t\u00e9moin silencieux des moments pr\u00e9cieux de la vie &#8211; une promesse d&rsquo;amour, une c\u00e9l\u00e9bration d&rsquo;\u00e9tapes importantes ou un h\u00e9ritage transmis de g\u00e9n\u00e9ration en g\u00e9n\u00e9ration. Chaque taille et sertissage...","protected":false},"author":1,"featured_media":0,"parent":3410,"menu_order":1,"comment_status":"closed","ping_status":"closed","template":"","meta":{"_acf_changed":false,"footnotes":""},"class_list":["post-3370","page","type-page","status-publish","hentry"],"acf":[],"_links":{"self":[{"href":"https:\/\/www.wolfers.be\/fr\/wp-json\/wp\/v2\/pages\/3370","targetHints":{"allow":["GET"]}}],"collection":[{"href":"https:\/\/www.wolfers.be\/fr\/wp-json\/wp\/v2\/pages"}],"about":[{"href":"https:\/\/www.wolfers.be\/fr\/wp-json\/wp\/v2\/types\/page"}],"author":[{"embeddable":true,"href":"https:\/\/www.wolfers.be\/fr\/wp-json\/wp\/v2\/users\/1"}],"replies":[{"embeddable":true,"href":"https:\/\/www.wolfers.be\/fr\/wp-json\/wp\/v2\/comments?post=3370"}],"version-history":[{"count":2,"href":"https:\/\/www.wolfers.be\/fr\/wp-json\/wp\/v2\/pages\/3370\/revisions"}],"predecessor-version":[{"id":4428,"href":"https:\/\/www.wolfers.be\/fr\/wp-json\/wp\/v2\/pages\/3370\/revisions\/4428"}],"up":[{"embeddable":true,"href":"https:\/\/www.wolfers.be\/fr\/wp-json\/wp\/v2\/pages\/3410"}],"wp:attachment":[{"href":"https:\/\/www.wolfers.be\/fr\/wp-json\/wp\/v2\/media?parent=3370"}],"curies":[{"name":"wp","href":"https:\/\/api.w.org\/{rel}","templated":true}]}}