{"id":3376,"date":"2024-07-16T16:13:42","date_gmt":"2024-07-16T14:13:42","guid":{"rendered":"https:\/\/www.wolfers.be\/a-propos-de-la-maison\/"},"modified":"2025-07-07T14:51:03","modified_gmt":"2025-07-07T12:51:03","slug":"a-propos-de-la-maison","status":"publish","type":"page","link":"https:\/\/www.wolfers.be\/fr\/la-maison\/a-propos-de-la-maison\/","title":{"rendered":"A propos de la maison"},"content":{"rendered":"<section class=\"l-section wpb_row height_auto\"><div class=\"l-section-h i-cf\"><div class=\"g-cols vc_row via_flex valign_top type_boxes reversed stacking_default\"><div class=\"vc_col-sm-2 vc_hidden-xs wpb_column vc_column_container\"><div class=\"vc_column-inner us_custom_a518f36e us_animate_this\"><div class=\"wpb_wrapper\"><\/div><\/div><\/div><div class=\"vc_col-sm-8 wpb_column vc_column_container\"><div class=\"vc_column-inner\"><div class=\"wpb_wrapper\"><div class=\"wpb_text_column smallh1\"><div class=\"wpb_wrapper\"><h1>Quand le pass\u00e9 orne<br \/>\nle pr\u00e9sent&#8230;<\/h1>\n<p>De nombreux ouvrages ont \u00e9t\u00e9 consacr\u00e9s \u00e0 la dynastie des Wolfers et \u00e0 son influence ind\u00e9niable sur les arts d\u00e9coratifs de toutes les \u00e9poques. On peut admirer leurs cr\u00e9ations dans des mus\u00e9es prestigieux, comme le Rijksmuseum d&rsquo;Amsterdam. Cr\u00e9ateur de g\u00e9nie et \u00e9ternel novateur, Philippe Wolfers est une figure de proue de l&rsquo;Art nouveau \u00e0 Bruxelles. Ses \u0153uvres ont fa\u00e7onn\u00e9 le style Wolfers : \u00e9l\u00e9gance, beaut\u00e9 et audace.<\/p>\n<\/div><\/div><\/div><\/div><\/div><div class=\"vc_col-sm-2 vc_hidden-xs wpb_column vc_column_container\"><div class=\"vc_column-inner\"><div class=\"wpb_wrapper\"><\/div><\/div><\/div><\/div><\/div><\/section><section class=\"l-section wpb_row mobilepad0bis height_auto\"><div class=\"l-section-h i-cf\"><div class=\"g-cols vc_row via_flex valign_top type_boxes reversed stacking_default\"><div class=\"vc_col-sm-6 wpb_column vc_column_container\"><div class=\"vc_column-inner us_custom_a518f36e us_animate_this\"><div class=\"wpb_wrapper\"><div class=\"w-separator size_large\"><\/div><div class=\"wpb_text_column smallh1\"><div class=\"wpb_wrapper\"><h2>1812<\/h2>\n<p>Les wolfers, brillants orf\u00e8vres de Minden (Allemagne), s&rsquo;installent \u00e0 Bruxelles pour exercer leur m\u00e9tier dont les racines remontent au XVIe si\u00e8cle.<\/p>\n<\/div><\/div><div class=\"w-separator size_large\"><\/div><\/div><\/div><\/div><div class=\"vc_col-sm-6 wpb_column vc_column_container  has_bg_color\"><div class=\"vc_column-inner us_custom_3e2cc514 us_animate_this\"><div class=\"wpb_wrapper\"><\/div><\/div><\/div><\/div><\/div><\/section><section class=\"l-section wpb_row mobilepad0bis height_medium\"><div class=\"l-section-h i-cf\"><div class=\"g-cols vc_row via_flex valign_top type_boxes stacking_default\"><div class=\"vc_col-sm-6 wpb_column vc_column_container  has_bg_color\"><div class=\"vc_column-inner us_custom_ff0ef3b9 us_animate_this\"><div class=\"wpb_wrapper\"><\/div><\/div><\/div><div class=\"vc_col-sm-6 wpb_column vc_column_container\"><div class=\"vc_column-inner us_custom_a518f36e us_animate_this\"><div class=\"wpb_wrapper\"><div class=\"w-separator size_large\"><\/div><div class=\"wpb_text_column\"><div class=\"wpb_wrapper\"><h3>1852<\/h3>\n<p>Louis d\u00e9pose le poin\u00e7on de son ma\u00eetre : une t\u00eate de sanglier, couronn\u00e9e de la lettre W. Le sceau de la r\u00e9ussite !<\/p>\n<\/div><\/div><div class=\"w-separator size_large\"><\/div><\/div><\/div><\/div><\/div><\/div><\/section><section class=\"l-section wpb_row mobilepad0bis height_medium\"><div class=\"l-section-h i-cf\"><div class=\"g-cols vc_row via_flex valign_top type_boxes reversed stacking_default\"><div class=\"vc_col-sm-6 wpb_column vc_column_container\"><div class=\"vc_column-inner us_custom_a518f36e us_animate_this\"><div class=\"wpb_wrapper\"><div class=\"w-separator size_large\"><\/div><div class=\"wpb_text_column\"><div class=\"wpb_wrapper\"><h3>1886<\/h3>\n<p>La maison Wolfers ouvre un magasin au 9, Galerie de la Reine : le premier passage couvert d&rsquo;Europe.<\/p>\n<\/div><\/div><div class=\"w-separator size_large\"><\/div><\/div><\/div><\/div><div class=\"vc_col-sm-6 wpb_column vc_column_container  has_bg_color\"><div class=\"vc_column-inner us_custom_c3ca5a36 us_animate_this\"><div class=\"wpb_wrapper\"><\/div><\/div><\/div><\/div><\/div><\/section><section class=\"l-section wpb_row mobilepad0bis height_medium\"><div class=\"l-section-h i-cf\"><div class=\"g-cols vc_row via_flex valign_top type_boxes stacking_default\"><div class=\"vc_col-sm-6 wpb_column vc_column_container  has_bg_color\"><div class=\"vc_column-inner us_custom_9e1f029d us_animate_this\"><div class=\"wpb_wrapper\"><\/div><\/div><\/div><div class=\"vc_col-sm-6 wpb_column vc_column_container\"><div class=\"vc_column-inner us_custom_a518f36e us_animate_this\"><div class=\"wpb_wrapper\"><div class=\"w-separator size_large\"><\/div><div class=\"wpb_text_column\"><div class=\"wpb_wrapper\"><h3>1897\/1907<\/h3>\n<p>Le fils de Louis, Philippe Wolfers, est aujourd&rsquo;hui connu du grand public. Au tournant du si\u00e8cle, il cr\u00e9e des bijoux Art nouveau \u00e0 couper le souffle. Ses sculptures et objets en cristal lui valent \u00e9galement le titre de \u00ab\u00a0Ren\u00e9 Lalique belge\u00a0\u00bb.<\/p>\n<\/div><\/div><div class=\"w-separator size_large\"><\/div><\/div><\/div><\/div><\/div><\/div><\/section><section class=\"l-section wpb_row mobilepad0bis height_medium\"><div class=\"l-section-h i-cf\"><div class=\"g-cols vc_row via_flex valign_top type_boxes reversed stacking_default\"><div class=\"vc_col-sm-6 wpb_column vc_column_container\"><div class=\"vc_column-inner us_custom_a518f36e us_animate_this\"><div class=\"wpb_wrapper\"><div class=\"w-separator size_large\"><\/div><div class=\"wpb_text_column\"><div class=\"wpb_wrapper\"><h3>1912<\/h3>\n<p>Nouveau b\u00e2timent Wolfers con\u00e7u par Victor Horta dans la rue d&rsquo;Arenberg.<\/p>\n<\/div><\/div><div class=\"w-separator size_large\"><\/div><\/div><\/div><\/div><div class=\"vc_col-sm-6 wpb_column vc_column_container  has_bg_color\"><div class=\"vc_column-inner us_custom_eee95bde us_animate_this\"><div class=\"wpb_wrapper\"><\/div><\/div><\/div><\/div><\/div><\/section><section class=\"l-section wpb_row mobilepad0bis height_medium\"><div class=\"l-section-h i-cf\"><div class=\"g-cols vc_row via_flex valign_top type_boxes stacking_default\"><div class=\"vc_col-sm-6 wpb_column vc_column_container  has_bg_color\"><div class=\"vc_column-inner us_custom_e5a19ba4 us_animate_this\"><div class=\"wpb_wrapper\"><\/div><\/div><\/div><div class=\"vc_col-sm-6 wpb_column vc_column_container\"><div class=\"vc_column-inner us_custom_a518f36e us_animate_this\"><div class=\"wpb_wrapper\"><div class=\"w-separator size_large\"><\/div><div class=\"wpb_text_column\"><div class=\"wpb_wrapper\"><h3>1958<\/h3>\n<p>L&rsquo;Exposition universelle de Bruxelles pr\u00e9sente au monde le plus c\u00e9l\u00e8bre des orf\u00e8vres belges. Wolfers fournit un millier de pi\u00e8ces d&rsquo;orf\u00e8vrerie et cr\u00e9e pour l&rsquo;occasion une extraordinaire pi\u00e8ce d\u00e9corative en or, argent et bronze.<\/p>\n<\/div><\/div><div class=\"w-separator size_large\"><\/div><\/div><\/div><\/div><\/div><\/div><\/section><section class=\"l-section wpb_row mobilepad0bis height_medium\"><div class=\"l-section-h i-cf\"><div class=\"g-cols vc_row via_flex valign_top type_boxes reversed stacking_default\"><div class=\"vc_col-sm-6 wpb_column vc_column_container\"><div class=\"vc_column-inner us_custom_a518f36e us_animate_this\"><div class=\"wpb_wrapper\"><div class=\"w-separator size_large\"><\/div><div class=\"wpb_text_column\"><div class=\"wpb_wrapper\"><h3>1975<\/h3>\n<p>Chaumet, le grand joaillier de la place Vend\u00f4me, cherche \u00e0 \u00e9tablir un partenariat en Belgique : ce sera avec Wolfers. Leur collaboration durera plus de dix ans.<\/p>\n<\/div><\/div><div class=\"w-separator size_large\"><\/div><\/div><\/div><\/div><div class=\"vc_col-sm-6 wpb_column vc_column_container  has_bg_color\"><div class=\"vc_column-inner us_custom_b12c49fb us_animate_this\"><div class=\"wpb_wrapper\"><\/div><\/div><\/div><\/div><\/div><\/section><section class=\"l-section wpb_row mobilepad0bis height_medium\"><div class=\"l-section-h i-cf\"><div class=\"g-cols vc_row via_flex valign_top type_boxes stacking_default\"><div class=\"vc_col-sm-6 wpb_column vc_column_container  has_bg_color\"><div class=\"vc_column-inner us_custom_42be7caf us_animate_this\"><div class=\"wpb_wrapper\"><\/div><\/div><\/div><div class=\"vc_col-sm-6 wpb_column vc_column_container\"><div class=\"vc_column-inner us_custom_a518f36e us_animate_this\"><div class=\"wpb_wrapper\"><div class=\"w-separator size_large\"><\/div><div class=\"wpb_text_column\"><div class=\"wpb_wrapper\"><h3>1987<\/h3>\n<p>Wolfers se d\u00e9couvre un nouveau mentor : Patrick Descamps, esth\u00e8te expert et raffin\u00e9, prend la direction de l&rsquo;entreprise. Ses cr\u00e9ations et sa s\u00e9lection de bijoux r\u00e9affirment le style Wolfers.<\/p>\n<\/div><\/div><div class=\"w-separator size_large\"><\/div><\/div><\/div><\/div><\/div><\/div><\/section><section class=\"l-section wpb_row mobilepad0bis height_medium\"><div class=\"l-section-h i-cf\"><div class=\"g-cols vc_row via_flex valign_top type_boxes reversed stacking_default\"><div class=\"vc_col-sm-6 wpb_column vc_column_container\"><div class=\"vc_column-inner us_custom_a518f36e us_animate_this\"><div class=\"wpb_wrapper\"><div class=\"w-separator size_large\"><\/div><div class=\"wpb_text_column\"><div class=\"wpb_wrapper\"><h3>1997<\/h3>\n<p>Patrick Descamps cr\u00e9e la bague de fian\u00e7ailles de Mathilde d&rsquo;Udekem d&rsquo;Acoz, future princesse et actuelle reine de Belgique.<\/p>\n<\/div><\/div><div class=\"w-separator size_large\"><\/div><\/div><\/div><\/div><div class=\"vc_col-sm-6 wpb_column vc_column_container  has_bg_color\"><div class=\"vc_column-inner us_custom_e85cf424 us_animate_this\"><div class=\"wpb_wrapper\"><\/div><\/div><\/div><\/div><\/div><\/section><section class=\"l-section wpb_row mobilepad0bis height_medium\"><div class=\"l-section-h i-cf\"><div class=\"g-cols vc_row via_flex valign_top type_boxes stacking_default\"><div class=\"vc_col-sm-6 wpb_column vc_column_container  has_bg_color\"><div class=\"vc_column-inner us_custom_5beae208 us_animate_this\"><div class=\"wpb_wrapper\"><\/div><\/div><\/div><div class=\"vc_col-sm-6 wpb_column vc_column_container\"><div class=\"vc_column-inner us_custom_a518f36e us_animate_this\"><div class=\"wpb_wrapper\"><div class=\"w-separator size_large\"><\/div><div class=\"wpb_text_column\"><div class=\"wpb_wrapper\"><h3>1999<\/h3>\n<p>L&rsquo;Association de la Noblesse Belge lui confie la mission de retrouver son diad\u00e8me de mariage.<\/p>\n<\/div><\/div><div class=\"w-separator size_large\"><\/div><\/div><\/div><\/div><\/div><\/div><\/section><section class=\"l-section wpb_row mobilepad0bis height_medium\"><div class=\"l-section-h i-cf\"><div class=\"g-cols vc_row via_flex valign_top type_boxes reversed stacking_default\"><div class=\"vc_col-sm-6 wpb_column vc_column_container\"><div class=\"vc_column-inner us_custom_a518f36e us_animate_this\"><div class=\"wpb_wrapper\"><div class=\"w-separator size_large\"><\/div><div class=\"wpb_text_column\"><div class=\"wpb_wrapper\"><h3>2010<\/h3>\n<p>Exposition universelle de Shanghai : Wolfers est le bijoutier exclusif du pavillon belge. Ses cr\u00e9ations \u00e9blouissent des milliers de visiteurs.<\/p>\n<\/div><\/div><div class=\"w-separator size_large\"><\/div><\/div><\/div><\/div><div class=\"vc_col-sm-6 wpb_column vc_column_container  has_bg_color\"><div class=\"vc_column-inner us_custom_a8694dcf us_animate_this\"><div class=\"wpb_wrapper\"><\/div><\/div><\/div><\/div><\/div><\/section><section class=\"l-section wpb_row mobilepad0bis height_medium\"><div class=\"l-section-h i-cf\"><div class=\"g-cols vc_row via_flex valign_top type_boxes stacking_default\"><div class=\"vc_col-sm-6 wpb_column vc_column_container  has_bg_color\"><div class=\"vc_column-inner us_custom_d986ea12 us_animate_this\"><div class=\"wpb_wrapper\"><\/div><\/div><\/div><div class=\"vc_col-sm-6 wpb_column vc_column_container\"><div class=\"vc_column-inner us_custom_a518f36e us_animate_this\"><div class=\"wpb_wrapper\"><div class=\"w-separator size_large\"><\/div><div class=\"wpb_text_column\"><div class=\"wpb_wrapper\"><h3>2014<\/h3>\n<p>La maison se dote d&rsquo;un nouveau poin\u00e7on qui symbolise sa vitalit\u00e9 actuelle et future dans le monde de la joaillerie.<\/p>\n<\/div><\/div><div class=\"w-separator size_large\"><\/div><\/div><\/div><\/div><\/div><\/div><\/section>\n","protected":false},"excerpt":{"rendered":"Quand le pass\u00e9 orne le pr\u00e9sent&#8230; De nombreux ouvrages ont \u00e9t\u00e9 consacr\u00e9s \u00e0 la dynastie des Wolfers et \u00e0 son influence ind\u00e9niable sur les arts d\u00e9coratifs de toutes les \u00e9poques. On peut admirer leurs cr\u00e9ations dans des mus\u00e9es prestigieux, comme le Rijksmuseum d&rsquo;Amsterdam. Cr\u00e9ateur de g\u00e9nie et \u00e9ternel novateur, Philippe Wolfers est une figure de...","protected":false},"author":1,"featured_media":2788,"parent":3431,"menu_order":0,"comment_status":"closed","ping_status":"closed","template":"","meta":{"_acf_changed":false,"footnotes":""},"class_list":["post-3376","page","type-page","status-publish","has-post-thumbnail","hentry"],"acf":[],"_links":{"self":[{"href":"https:\/\/www.wolfers.be\/fr\/wp-json\/wp\/v2\/pages\/3376","targetHints":{"allow":["GET"]}}],"collection":[{"href":"https:\/\/www.wolfers.be\/fr\/wp-json\/wp\/v2\/pages"}],"about":[{"href":"https:\/\/www.wolfers.be\/fr\/wp-json\/wp\/v2\/types\/page"}],"author":[{"embeddable":true,"href":"https:\/\/www.wolfers.be\/fr\/wp-json\/wp\/v2\/users\/1"}],"replies":[{"embeddable":true,"href":"https:\/\/www.wolfers.be\/fr\/wp-json\/wp\/v2\/comments?post=3376"}],"version-history":[{"count":3,"href":"https:\/\/www.wolfers.be\/fr\/wp-json\/wp\/v2\/pages\/3376\/revisions"}],"predecessor-version":[{"id":4855,"href":"https:\/\/www.wolfers.be\/fr\/wp-json\/wp\/v2\/pages\/3376\/revisions\/4855"}],"up":[{"embeddable":true,"href":"https:\/\/www.wolfers.be\/fr\/wp-json\/wp\/v2\/pages\/3431"}],"wp:featuredmedia":[{"embeddable":true,"href":"https:\/\/www.wolfers.be\/fr\/wp-json\/wp\/v2\/media\/2788"}],"wp:attachment":[{"href":"https:\/\/www.wolfers.be\/fr\/wp-json\/wp\/v2\/media?parent=3376"}],"curies":[{"name":"wp","href":"https:\/\/api.w.org\/{rel}","templated":true}]}}