{"id":3617,"date":"2024-10-08T08:16:55","date_gmt":"2024-10-08T06:16:55","guid":{"rendered":"https:\/\/www.wolfers.be\/clause-de-non-responsabilite\/"},"modified":"2024-10-28T15:33:05","modified_gmt":"2024-10-28T14:33:05","slug":"clause-de-non-responsabilite","status":"publish","type":"page","link":"https:\/\/www.wolfers.be\/fr\/clause-de-non-responsabilite\/","title":{"rendered":"Clause de non-responsabilit\u00e9"},"content":{"rendered":"<section class=\"l-section wpb_row height_medium\"><div class=\"l-section-h i-cf\"><div class=\"g-cols vc_row via_flex valign_top type_default stacking_default\"><div class=\"vc_col-sm-2 wpb_column vc_column_container\"><div class=\"vc_column-inner\"><div class=\"wpb_wrapper\"><\/div><\/div><\/div><div class=\"vc_col-sm-8 wpb_column vc_column_container\"><div class=\"vc_column-inner\"><div class=\"wpb_wrapper\"><div class=\"wpb_text_column\"><div class=\"wpb_wrapper\"><h1>CLAUSE DE NON-RESPONSABILIT\u00c9 &#8211; LOUPS<\/h1>\n<p><strong> <\/strong>L&rsquo;utilisation de notre site web s&rsquo;accompagne toujours de certains droits et obligations. Ceux-ci sont d\u00e9finis dans nos conditions de vente, dans notre politique de confidentialit\u00e9, dans notre d\u00e9claration relative aux cookies et dans le pr\u00e9sent avis de non-responsabilit\u00e9 (ensemble, les \u00ab\u00a0<strong>conditions g\u00e9n\u00e9rales<\/strong>\u00ab\u00a0). Les conditions g\u00e9n\u00e9rales s&rsquo;appliquent aussi bien \u00e0 nous, WOLFERS, qu&rsquo;\u00e0 vous, l&rsquo;UTILISATEUR. En utilisant notre site web, vous reconnaissez et acceptez express\u00e9ment l&rsquo;application exclusive de nos conditions g\u00e9n\u00e9rales et vous renoncez express\u00e9ment \u00e0 invoquer vos propres conditions g\u00e9n\u00e9rales. Nous pouvons d\u00e9roger aux pr\u00e9sentes conditions g\u00e9n\u00e9rales dans certaines situations exceptionnelles, mais uniquement dans la mesure o\u00f9 ces d\u00e9rogations sont accept\u00e9es par chaque partie et explicitement mentionn\u00e9es par \u00e9crit. Ces d\u00e9rogations ne font que remplacer ou compl\u00e9ter les clauses auxquelles elles se rapportent. Elles n&rsquo;affectent pas l&rsquo;application des autres dispositions des pr\u00e9sentes conditions g\u00e9n\u00e9rales. <\/p>\n<h2><strong>1. Qui sommes-nous ?  <\/strong><\/h2>\n<p>Le site web <span><a href=\"https:\/\/www.wolfers.be\/fr\/\">www.wolfers.be<\/a><\/span> (ci-apr\u00e8s : le \u00a0\u00bb <strong>site web<\/strong>\u00ab\u00a0) est une initiative de : <\/p>\n<p>&nbsp;<\/p>\n<p>SA WOLFERS 1812 (ci-apr\u00e8s : \u00ab\u00a0<strong>Wolfers<\/strong>\u00a0\u00bb et \u00ab\u00a0<strong>Nous<\/strong>\u00ab\u00a0) Boulevard de Waterloo, 1 1000 BRUXELLES BELGIQUE TVA BE0432.111.541 info@wolfers.be (+32) 2 513 6150<\/p>\n<p>&nbsp;<\/p>\n<p>N&rsquo;h\u00e9sitez pas \u00e0 nous contacter si vous avez d&rsquo;autres questions ou remarques. Nous nous engageons \u00e0 vous r\u00e9pondre dans les plus brefs d\u00e9lais ! <\/p>\n<p>&nbsp;<\/p>\n<h2><strong>2. Notre site web<\/strong><\/h2>\n<p>2.1  <u>Bon fonctionnement, s\u00e9curit\u00e9 et accessibilit\u00e9<\/u><\/p>\n<p>&nbsp;<\/p>\n<p>Vous pouvez \u00eatre assur\u00e9 que nous offrons un site web convivial et s\u00fbr pour tous les utilisateurs. Nous prenons toutes les mesures raisonnables et n\u00e9cessaires pour assurer le bon fonctionnement, la s\u00e9curit\u00e9 et l&rsquo;accessibilit\u00e9 de notre site web. Cependant, nous ne pouvons pas vous donner une garantie absolue \u00e0 ce sujet. Nous ne sommes li\u00e9s que par une obligation de moyens.   <\/p>\n<p>&nbsp;<\/p>\n<p>Toute utilisation du site web est enti\u00e8rement \u00e0 vos risques et p\u00e9rils. Nous ne sommes pas responsables des dommages r\u00e9sultant de dysfonctionnements, d&rsquo;interruptions, de d\u00e9fauts, d&rsquo;\u00e9l\u00e9ments nuisibles ou d&rsquo;autres probl\u00e8mes sur ou dans notre site web, ind\u00e9pendamment de l&rsquo;existence d&rsquo;un cas de force majeure ou d&rsquo;autres \u00e9v\u00e9nements ext\u00e9rieurs. Nous avons le droit de restreindre et\/ou d&rsquo;interrompre totalement ou partiellement l&rsquo;acc\u00e8s \u00e0 notre site web, \u00e0 tout moment et sans avertissement pr\u00e9alable. Nous ne prendrons de telles mesures que si cela est justifi\u00e9 par les circonstances, sans que cela ne soit en aucune mani\u00e8re une condition \u00e0 couvrir. 2.2 <u>Contenu de notre site web<\/u> Nous d\u00e9terminons en grande partie le contenu disponible sur notre site web. Nous sommes tr\u00e8s attentifs \u00e0 cet \u00e9gard et nous nous effor\u00e7ons de fournir des informations de haute qualit\u00e9. Nous prenons donc toutes les mesures n\u00e9cessaires pour que notre site web soit aussi complet, pr\u00e9cis et actuel que possible, m\u00eame lorsque les informations sont fournies par des tiers. Nous sommes toujours autoris\u00e9s \u00e0 modifier, ajouter ou supprimer le contenu de notre site web. Malgr\u00e9 toute notre attention, nous ne sommes pas en mesure de garantir la qualit\u00e9 des informations disponibles sur notre site web. Il est possible que les informations ne soient pas correctes, pas suffisamment pr\u00e9cises et\/ou pas utiles. Nous ne sommes pas responsables des dommages (directs et indirects) que l&rsquo;utilisateur pourrait subir \u00e0 la suite de l&rsquo;utilisation des informations disponibles sur notre site web. Nous vous demandons de nous avertir d\u00e8s que possible si vous constatez que le contenu de notre site Web viole les lois applicables et\/ou les droits de tiers ou n&rsquo;est tout simplement pas acceptable. Nous prendrons alors toutes les mesures appropri\u00e9es, qui peuvent inclure la suppression partielle ou totale de l&rsquo;information. Notre site web contient du contenu qui peut \u00eatre t\u00e9l\u00e9charg\u00e9. Vous comprenez et acceptez que tout t\u00e9l\u00e9chargement \u00e0 partir de notre site Internet se fait \u00e0 vos risques et p\u00e9rils et que les dommages r\u00e9sultant de la perte de donn\u00e9es ou de l&rsquo;endommagement du syst\u00e8me informatique rel\u00e8vent de votre enti\u00e8re et seule responsabilit\u00e9. 2.3 <u>Ce que nous attendons de vous en tant qu&rsquo;utilisateur<\/u> L&rsquo;utilisateur porte une part de responsabilit\u00e9 dans la mani\u00e8re dont nous proposons notre site web. Cela signifie que vous devez vous abstenir de tout acte ayant un impact n\u00e9gatif sur le bon fonctionnement et la s\u00e9curit\u00e9 du site web ou sur son utilisation. Par exemple, le site web ne peut pas \u00eatre utilis\u00e9 pour contourner notre mod\u00e8le commercial et\/ou pour recueillir des informations aupr\u00e8s d&rsquo;autres utilisateurs. Il est donc interdit de diffuser via notre site web un contenu susceptible de nuire \u00e0 d&rsquo;autres utilisateurs du site web. Nous pouvons penser \u00e0 la propagation de logiciels malveillants, de virus informatiques, de logiciels malveillants, de vers, de chevaux de Troie et de robots d&rsquo;annulation. La prolif\u00e9ration de messages non sollicit\u00e9s et\/ou commerciaux via le site web, tels que le courrier ind\u00e9sirable, le spam et les cha\u00eenes de lettres, est \u00e9galement vis\u00e9e. Nous nous r\u00e9servons le droit de prendre toutes les mesures (judiciaires et extrajudiciaires) n\u00e9cessaires pour offrir des solutions appropri\u00e9es aux parties concern\u00e9es. L&rsquo;utilisateur est seul responsable de toutes les actions exerc\u00e9es sur le site web qui causent des dommages au site web et\/ou \u00e0 d&rsquo;autres utilisateurs. Dans ce cas, l&rsquo;utilisateur est tenu de d\u00e9gager Wolfers de toute responsabilit\u00e9 et de l&rsquo;indemniser de toute r\u00e9clamation \u00e9ventuelle. <\/p>\n<h2><strong>3. Droits de propri\u00e9t\u00e9 intellectuelle<\/strong><\/h2>\n<p>La cr\u00e9ativit\u00e9 m\u00e9rite d&rsquo;\u00eatre prot\u00e9g\u00e9e, tout comme notre site Web et son contenu. Cette protection est assur\u00e9e par les droits de propri\u00e9t\u00e9 intellectuelle et b\u00e9n\u00e9ficie \u00e0 toutes les parties, c&rsquo;est-\u00e0-dire \u00e0 Wolfers et aux tiers. Par contenu, on entend la cat\u00e9gorie tr\u00e8s large des photos, vid\u00e9os, audio, textes, id\u00e9es, notes, dessins, articles, etc. Ce contenu est prot\u00e9g\u00e9 par des droits d&rsquo;auteur, des droits sur les logiciels, des droits sur les bases de donn\u00e9es, des droits sur les dessins et mod\u00e8les et d&rsquo;autres droits (de propri\u00e9t\u00e9 intellectuelle) applicables. La nature technique de notre site web est prot\u00e9g\u00e9e par le droit d&rsquo;auteur et par les droits sur les logiciels et les bases de donn\u00e9es. Chaque nom commercial que nous utilisons sur notre site web est prot\u00e9g\u00e9 par le droit des marques. Chaque utilisateur re\u00e7oit un droit limit\u00e9 d&rsquo;acc\u00e8s, d&rsquo;utilisation et d&rsquo;affichage de notre site web et de son contenu. Ce droit est accord\u00e9 de mani\u00e8re non exclusive et non transf\u00e9rable et ne peut \u00eatre utilis\u00e9 que dans un contexte personnel et non commercial. Nous demandons \u00e0 nos utilisateurs de ne pas cr\u00e9er ni apporter de modifications aux droits de propri\u00e9t\u00e9 intellectuelle tels que d\u00e9crits dans cet article sans l&rsquo;accord du propri\u00e9taire. Wolfers attache une grande importance \u00e0 ses droits de propri\u00e9t\u00e9 intellectuelle et a pris toutes les mesures possibles pour en assurer la protection. Nous engagerons des actions en justice contre toute violation des droits de propri\u00e9t\u00e9 intellectuelle existants.     <\/p>\n<h2>4. Traitement des donn\u00e9es \u00e0 caract\u00e8re personnel<\/h2>\n<p>Les informations personnelles que vous fournissez sont n\u00e9cessaires pour assurer un bon service. L&rsquo;introduction de donn\u00e9es personnelles incorrectes ou fausses est consid\u00e9r\u00e9e comme une violation de nos conditions g\u00e9n\u00e9rales. Les donn\u00e9es personnelles de l&rsquo;utilisateur sont exclusivement trait\u00e9es conform\u00e9ment \u00e0 la politique de confidentialit\u00e9 applicable, qui peut \u00eatre consult\u00e9e sur notre site web.  <\/p>\n<h2><strong>5. Dispositions g\u00e9n\u00e9rales<\/strong><\/h2>\n<p>Nous nous r\u00e9servons le droit de modifier, de limiter ou d&rsquo;interrompre notre site web et les services connexes \u00e0 tout moment et dans n&rsquo;importe quelle mesure. Nous pouvons le faire sans en avertir l&rsquo;utilisateur. Cela ne donne lieu \u00e0 aucune forme de compensation. Les pr\u00e9sentes conditions g\u00e9n\u00e9rales sont exclusivement r\u00e9gies et interpr\u00e9t\u00e9es conform\u00e9ment au droit belge. Tout litige d\u00e9coulant des services de Wolfers ou s&rsquo;y rapportant rel\u00e8vera de la comp\u00e9tence du tribunal comp\u00e9tent de l&rsquo;arrondissement judiciaire de Bruxelles. Si une disposition des pr\u00e9sentes conditions g\u00e9n\u00e9rales est jug\u00e9e invalide, l&rsquo;invalidit\u00e9 de cette disposition n&rsquo;affectera pas la validit\u00e9 et l&rsquo;applicabilit\u00e9 des autres dispositions des pr\u00e9sentes conditions g\u00e9n\u00e9rales, qui resteront pleinement en vigueur et de plein effet. Nous nous r\u00e9servons le droit de proposer une modification valable de la (des) clause(s) contest\u00e9e(s). 2018 deJuristen droit de l&rsquo;informatique et de la propri\u00e9t\u00e9 intellectuelle (<span><a href=\"https:\/\/www.ictrecht.be\" target=\"_blank\" rel=\"noopener\">https:\/\/www.ictrecht.be<\/a><\/span>). Les informations propos\u00e9es (conditions de vente, d\u00e9claration de confidentialit\u00e9, d\u00e9claration relative aux cookies et clause de non-responsabilit\u00e9) sont prot\u00e9g\u00e9es par la l\u00e9gislation sur les droits d&rsquo;auteur, ce qui signifie que ces informations ne peuvent \u00eatre reproduites ou distribu\u00e9es sans l&rsquo;autorisation pr\u00e9alable et \u00e9crite de deJuristen (<span><a href=\"mailto:contact@dejuristen.be\">contact@dejuristen.be<\/a><\/span>). deJuristen conserve donc tous les droits de propri\u00e9t\u00e9 intellectuelle pertinents  <\/p>\n<p>\n<\/div><\/div><\/div><\/div><\/div><div class=\"vc_col-sm-2 wpb_column vc_column_container\"><div class=\"vc_column-inner\"><div class=\"wpb_wrapper\"><\/div><\/div><\/div><\/div><\/div><\/section>\n","protected":false},"excerpt":{"rendered":"CLAUSE DE NON-RESPONSABILIT\u00c9 &#8211; LOUPS L&rsquo;utilisation de notre site web s&rsquo;accompagne toujours de certains droits et obligations. Ceux-ci sont d\u00e9finis dans nos conditions de vente, dans notre politique de confidentialit\u00e9, dans notre d\u00e9claration relative aux cookies et dans le pr\u00e9sent avis de non-responsabilit\u00e9 (ensemble, les \u00ab\u00a0conditions g\u00e9n\u00e9rales\u00ab\u00a0). Les conditions g\u00e9n\u00e9rales s&rsquo;appliquent aussi bien \u00e0 nous,...","protected":false},"author":1,"featured_media":0,"parent":0,"menu_order":24,"comment_status":"closed","ping_status":"open","template":"","meta":{"_acf_changed":false,"footnotes":""},"class_list":["post-3617","page","type-page","status-publish","hentry"],"acf":[],"_links":{"self":[{"href":"https:\/\/www.wolfers.be\/fr\/wp-json\/wp\/v2\/pages\/3617","targetHints":{"allow":["GET"]}}],"collection":[{"href":"https:\/\/www.wolfers.be\/fr\/wp-json\/wp\/v2\/pages"}],"about":[{"href":"https:\/\/www.wolfers.be\/fr\/wp-json\/wp\/v2\/types\/page"}],"author":[{"embeddable":true,"href":"https:\/\/www.wolfers.be\/fr\/wp-json\/wp\/v2\/users\/1"}],"replies":[{"embeddable":true,"href":"https:\/\/www.wolfers.be\/fr\/wp-json\/wp\/v2\/comments?post=3617"}],"version-history":[{"count":1,"href":"https:\/\/www.wolfers.be\/fr\/wp-json\/wp\/v2\/pages\/3617\/revisions"}],"predecessor-version":[{"id":3625,"href":"https:\/\/www.wolfers.be\/fr\/wp-json\/wp\/v2\/pages\/3617\/revisions\/3625"}],"wp:attachment":[{"href":"https:\/\/www.wolfers.be\/fr\/wp-json\/wp\/v2\/media?parent=3617"}],"curies":[{"name":"wp","href":"https:\/\/api.w.org\/{rel}","templated":true}]}}