{"id":3649,"date":"2024-06-06T13:11:14","date_gmt":"2024-06-06T11:11:14","guid":{"rendered":"https:\/\/www.wolfers.be\/politique-de-confidentialite\/"},"modified":"2024-10-28T15:32:41","modified_gmt":"2024-10-28T14:32:41","slug":"politique-de-confidentialite","status":"publish","type":"page","link":"https:\/\/www.wolfers.be\/fr\/politique-de-confidentialite\/","title":{"rendered":"Politique de confidentialit\u00e9"},"content":{"rendered":"<section class=\"l-section wpb_row height_medium\"><div class=\"l-section-h i-cf\"><div class=\"g-cols vc_row via_flex valign_top type_default stacking_default\"><div class=\"vc_col-sm-2 wpb_column vc_column_container\"><div class=\"vc_column-inner\"><div class=\"wpb_wrapper\"><\/div><\/div><\/div><div class=\"vc_col-sm-8 wpb_column vc_column_container\"><div class=\"vc_column-inner\"><div class=\"wpb_wrapper\"><div class=\"wpb_text_column\"><div class=\"wpb_wrapper\"><h1>POLITIQUE DE PROTECTION DE LA VIE PRIV\u00c9E &#8211; WOLFERS<\/h1>\n<h2><strong>1. Qui sommes-nous ?  <\/strong><\/h2>\n<p>Le site web <span><a href=\"https:\/\/www.wolfers.be\/fr\/\">www.wolfers.be<\/a><\/span> (ci-apr\u00e8s : le \u00a0\u00bb <strong>site web<\/strong>\u00ab\u00a0) est une initiative de : <\/p>\n<p>&nbsp;<\/p>\n<p>SA WOLFERS 1812 (ci-apr\u00e8s : \u00ab\u00a0<strong>Wolfers<\/strong>\u00a0\u00bb et \u00ab\u00a0<strong>Nous<\/strong>\u00ab\u00a0) Boulevard de Waterloo, 1 1000 BRUXELLES BELGIQUE TVA BE0432.111.541<\/p>\n<p><span><a href=\"mailto:info@wolfers.be\">info@wolfers.be<\/a><\/span><\/p>\n<p>(+32) 2 513 6150<\/p>\n<p>&nbsp;<\/p>\n<p>N&rsquo;h\u00e9sitez pas \u00e0 nous contacter si vous avez d&rsquo;autres questions ou remarques. Nous nous engageons \u00e0 vous r\u00e9pondre dans les plus brefs d\u00e9lais ! <\/p>\n<h2><strong>2. Pourquoi cette politique de confidentialit\u00e9 ?<\/strong><\/h2>\n<p>Toute personne qui fait appel \u00e0 nos services (ci-apr\u00e8s : le \u00ab\u00a0<strong>client<\/strong>\u00a0\u00bb ou la \u00ab\u00a0<strong>personne concern\u00e9e<\/strong>\u00ab\u00a0) divulgue dans la plupart des cas un certain nombre de donn\u00e9es \u00e0 caract\u00e8re personnel. Les donn\u00e9es personnelles sont des informations qui permettent \u00e0 Wolfers de vous identifier en tant que personne physique, que nous le fassions ou non. Vous \u00eates identifiable d\u00e8s qu&rsquo;il est possible de cr\u00e9er un lien direct ou indirect entre une ou plusieurs donn\u00e9es et vous en tant que personne physique. Nous n&rsquo;utilisons et ne traitons vos donn\u00e9es \u00e0 caract\u00e8re personnel que conform\u00e9ment au GDPR et \u00e0 toute l\u00e9gislation de remplacement, ou \u00e0 toute r\u00e9glementation similaire en vertu de toute loi applicable, et \u00e0 toute exigence r\u00e9glementaire ou code de pratique r\u00e9gissant l&rsquo;utilisation, le stockage ou la transmission des donn\u00e9es \u00e0 caract\u00e8re personnel. Toute r\u00e9f\u00e9rence au \u00ab\u00a0GDPR\u00a0\u00bb dans la pr\u00e9sente Politique de confidentialit\u00e9 est une r\u00e9f\u00e9rence au <em>R\u00e8glement du 27 avril 2016 relatif \u00e0 la protection des personnes physiques \u00e0 l&rsquo;\u00e9gard du traitement des donn\u00e9es \u00e0 caract\u00e8re personnel et \u00e0 la libre circulation de ces donn\u00e9es (R\u00e8glement g\u00e9n\u00e9ral sur la protection des donn\u00e9es)<\/em>. Par le biais de la pr\u00e9sente politique de confidentialit\u00e9, chaque utilisateur du site Web ou client de nos services est inform\u00e9 des activit\u00e9s de traitement que Wolfers peut effectuer avec ses donn\u00e9es personnelles. Wolfers se r\u00e9serve le droit de modifier \u00e0 tout moment la pr\u00e9sente politique de confidentialit\u00e9. Toute modification substantielle sera clairement communiqu\u00e9e \u00e0 l&rsquo;utilisateur. Nous vous conseillons de consulter r\u00e9guli\u00e8rement ce document.  <\/p>\n<p>&nbsp;<\/p>\n<h2><strong>3. Qui est responsable du traitement des donn\u00e9es \u00e0 caract\u00e8re personnel ?<\/strong><\/h2>\n<p><strong>3<\/strong><strong>.1. Controller <\/strong><\/p>\n<p>Wolfers est responsable du traitement et d\u00e9cide seul ou en collaboration avec d&rsquo;autres quelles donn\u00e9es personnelles sont collect\u00e9es ainsi que les finalit\u00e9s et les moyens techniques et organisationnels du traitement de ces donn\u00e9es personnelles. Wolfers a pris des mesures techniques et organisationnelles appropri\u00e9es pour prot\u00e9ger les donn\u00e9es personnelles de ses visiteurs et clients. Wolfers utilise diverses technologies et proc\u00e9dures de s\u00e9curit\u00e9 ad\u00e9quates pour prot\u00e9ger vos donn\u00e9es personnelles contre l&rsquo;acc\u00e8s, l&rsquo;utilisation ou la divulgation non autoris\u00e9s. Wolfers veille \u00e0 ce que vos donn\u00e9es personnelles soient stock\u00e9es en toute s\u00e9curit\u00e9 dans un environnement contr\u00f4l\u00e9.<\/p>\n<p><strong>3.2. Processor(s) <\/strong><\/p>\n<p>Wolfers ne fait appel \u00e0 aucun responsable du traitement des donn\u00e9es. Wolfers est libre de faire appel \u00e0 l&rsquo;avenir \u00e0 des sous-traitants de donn\u00e9es. Un sous-traitant est la personne physique ou morale qui traite vos donn\u00e9es \u00e0 caract\u00e8re personnel \u00e0 la demande et pour le compte du responsable du traitement. Le sous-traitant est tenu d&rsquo;assurer la s\u00e9curit\u00e9 et la confidentialit\u00e9 des donn\u00e9es. Le sous-traitant doit toujours agir selon les instructions du responsable du traitement des donn\u00e9es. Si nous d\u00e9cidons de faire appel \u00e0 des sous-traitants, nous prendrons les dispositions contractuelles n\u00e9cessaires avec les sous-traitants susmentionn\u00e9s pour nous assurer qu&rsquo;ils appliquent les normes les plus strictes en mati\u00e8re de protection de la vie priv\u00e9e. En tout \u00e9tat de cause, les sous-traitants sont tenus de garantir la s\u00e9curit\u00e9 et la confidentialit\u00e9 des donn\u00e9es \u00e0 caract\u00e8re personnel. En tant que r\u00e9sident de l&rsquo;Espace \u00e9conomique europ\u00e9en, un transfert de vos donn\u00e9es personnelles en dehors de l&rsquo;Espace \u00e9conomique europ\u00e9en (EEE) ne peut avoir lieu que vers des pays dont l&rsquo;Autorit\u00e9 de protection des donn\u00e9es en Belgique a estim\u00e9 qu&rsquo;ils offrent le m\u00eame niveau de protection ad\u00e9quat ou, si ce n&rsquo;est pas le cas, dans la mesure o\u00f9 Wolfers a pris les dispositions contractuelles n\u00e9cessaires, en tenant compte des dispositions standard telles qu&rsquo;impos\u00e9es par l&rsquo;Autorit\u00e9 de protection des donn\u00e9es en Belgique, pour garantir que vos informations personnelles b\u00e9n\u00e9ficient d&rsquo;un niveau de protection ad\u00e9quat.    <\/p>\n<h2><strong>4. Sur quelles bases juridiques vos donn\u00e9es personnelles sont-elles trait\u00e9es ?<\/strong><\/h2>\n<p>Conform\u00e9ment au GDPR, nous traitons les donn\u00e9es personnelles sur la base des motifs juridiques suivants :<\/p>\n<ul>\n<li>sur la base de l&rsquo;ex\u00e9cution du contrat conclu avec le client ou de l&rsquo;ex\u00e9cution de mesures pr\u00e9contractuelles prises \u00e0 la demande de la personne concern\u00e9e ; ou<\/li>\n<li>Sur la base du respect des dispositions l\u00e9gales ou r\u00e9glementaires relatives \u00e0 la gestion de la relation contractuelle avec le Client, notamment la facturation ;<\/li>\n<li>Sur la base de notre int\u00e9r\u00eat l\u00e9gitime \u00e0 r\u00e9pondre aux demandes d&rsquo;information des visiteurs et des clients ;<\/li>\n<li>Sur la base de notre int\u00e9r\u00eat l\u00e9gitime \u00e0 envoyer des offres promotionnelles (marketing direct) \u00e0 nos clients ;<\/li>\n<li>Sur la base du consentement explicite pour envoyer des offres promotionnelles (marketing direct) aux visiteurs.<\/li>\n<\/ul>\n<h2><strong>5. Quelles sont les donn\u00e9es \u00e0 caract\u00e8re personnel trait\u00e9es ?<\/strong><\/h2>\n<p>Wolfers s&rsquo;engage \u00e0 ne collecter et traiter vos donn\u00e9es personnelles que de mani\u00e8re ad\u00e9quate, pertinente et limit\u00e9e \u00e0 ce qui est n\u00e9cessaire aux fins pour lesquelles elles sont trait\u00e9es. La quantit\u00e9 et la nature des donn\u00e9es personnelles que Wolfers recueille \u00e0 votre sujet d\u00e9pendent de votre utilisation du site Web et\/ou de nos services. Les cat\u00e9gories suivantes de donn\u00e9es personnelles sont trait\u00e9es par Wolfers :<\/p>\n<ul>\n<li>Donn\u00e9es personnelles (sexe, \u00e2ge, nom, pr\u00e9nom, adresse, donn\u00e9es de connexion) ;<\/li>\n<li>Coordonn\u00e9es (num\u00e9ro de t\u00e9l\u00e9phone et adresse \u00e9lectronique) ;<\/li>\n<li>Donn\u00e9es d&rsquo;identification financi\u00e8re (coordonn\u00e9es bancaires) ;<\/li>\n<\/ul>\n<p>Ces donn\u00e9es personnelles sont collect\u00e9es lorsque vous visitez notre site web et, en particulier, lorsque vous remplissez et soumettez notre formulaire de contact.<\/p>\n<h2><strong>6. \u00c0 quelles fins vos donn\u00e9es personnelles sont-elles utilis\u00e9es ?<\/strong><\/h2>\n<p>Le traitement de vos donn\u00e9es personnelles est essentiel au bon fonctionnement du site web et \u00e0 la fourniture des services associ\u00e9s. La collecte de donn\u00e9es \u00e0 caract\u00e8re personnel s&rsquo;intensifie au fur et \u00e0 mesure que l&rsquo;utilisateur fait un usage plus intensif de notre site Web et de nos services en ligne. Wolfers s&rsquo;engage \u00e0 ne traiter vos donn\u00e9es personnelles qu&rsquo;aux fins suivantes : <\/p>\n<ul>\n<li>Gestion des clients : administration des clients, gestion des commandes, livraisons, facturation, v\u00e9rification de la solvabilit\u00e9, assistance et suivi des r\u00e9clamations.<\/li>\n<li>le marketing et la publicit\u00e9 personnalis\u00e9s. Dans ce cas, le client a toujours le droit de se d\u00e9sinscrire. <\/li>\n<\/ul>\n<p>Les donn\u00e9es personnelles de la personne concern\u00e9e peuvent \u00e9galement \u00eatre utilis\u00e9es aux fins suivantes :<\/p>\n<ul>\n<li>Gestion des litiges.<\/li>\n<li>Protection contre la fraude et les infractions p\u00e9nales.<\/li>\n<\/ul>\n<p>Nous utilisons \u00e9galement des cookies pour reconna\u00eetre les Visiteurs (adresse IP) et leur offrir une exp\u00e9rience utilisateur personnalis\u00e9e, pour m\u00e9moriser les choix techniques, et pour d\u00e9tecter et corriger les erreurs qui pourraient \u00eatre pr\u00e9sentes sur le Site Internet. Pour plus d&rsquo;informations concernant l&rsquo;utilisation des cookies, nous vous renvoyons \u00e0 notre Politique en mati\u00e8re de cookies. Nous ne collectons en aucun cas des donn\u00e9es personnelles sensibles, telles que des donn\u00e9es sur votre race, vos opinions politiques, votre sant\u00e9, vos croyances religieuses et autres, votre orientation sexuelle ou autres. Le client fournit lui-m\u00eame les donn\u00e9es personnelles \u00e0 Wolfers et conserve donc un certain degr\u00e9 de contr\u00f4le. Wolfers se r\u00e9serve le droit de suspendre ou d&rsquo;annuler certaines op\u00e9rations si les donn\u00e9es personnelles requises sont manquantes, incorrectes ou incompl\u00e8tes. <\/p>\n<h2><strong>7. Qui re\u00e7oit vos donn\u00e9es personnelles ?<\/strong><\/h2>\n<p>Vos donn\u00e9es personnelles ne seront trait\u00e9es que pour un usage interne au sein de Wolfers. Vos donn\u00e9es personnelles ne seront pas vendues, transmises ou communiqu\u00e9es \u00e0 des tiers, sauf si vous nous avez donn\u00e9 votre consentement explicite au pr\u00e9alable, ou si la transmission est n\u00e9cessaire \u00e0 l&rsquo;ex\u00e9cution du contrat ou est l\u00e9galement requise. <\/p>\n<h2><strong>8. Combien de temps conservons-nous vos donn\u00e9es personnelles ?<\/strong><\/h2>\n<p>Vos donn\u00e9es personnelles sont conserv\u00e9es aussi longtemps que n\u00e9cessaire pour atteindre les objectifs poursuivis. Vos donn\u00e9es personnelles seront effac\u00e9es de notre base de donn\u00e9es d\u00e8s qu&rsquo;elles ne seront plus n\u00e9cessaires aux fins poursuivies ou si vous exercez valablement votre droit \u00e0 l&rsquo;effacement. <\/p>\n<h2><strong>9. Quels sont vos droits ?<\/strong><\/h2>\n<p><strong> <\/strong><\/p>\n<ul>\n<li><strong>Garantie d&rsquo;un traitement l\u00e9gitime et s\u00e9curis\u00e9 de vos donn\u00e9es personnelles<\/strong><\/li>\n<\/ul>\n<p>Vos donn\u00e9es personnelles sont uniquement trait\u00e9es pour les finalit\u00e9s l\u00e9gitimes expliqu\u00e9es au point 6. Vos donn\u00e9es personnelles sont collect\u00e9es et trait\u00e9es de mani\u00e8re appropri\u00e9e, pertinente et non excessive, et ne sont pas conserv\u00e9es plus longtemps que n\u00e9cessaire pour atteindre les objectifs vis\u00e9s. <\/p>\n<ul>\n<li><strong>Droit d&rsquo;acc\u00e8s<\/strong><\/li>\n<\/ul>\n<p>Si vous pouvez prouver votre identit\u00e9, vous avez le droit d&rsquo;obtenir des informations sur le traitement de vos donn\u00e9es personnelles. Ainsi, vous avez le droit de conna\u00eetre les finalit\u00e9s du traitement, les cat\u00e9gories de donn\u00e9es \u00e0 caract\u00e8re personnel concern\u00e9es, les cat\u00e9gories de destinataires auxquels les donn\u00e9es \u00e0 caract\u00e8re personnel sont transmises, les crit\u00e8res utilis\u00e9s pour d\u00e9terminer la dur\u00e9e de conservation des donn\u00e9es et les droits que vous pouvez exercer sur vos donn\u00e9es \u00e0 caract\u00e8re personnel. <\/p>\n<ul>\n<li><strong>Droit de rectification de vos donn\u00e9es personnelles<\/strong><\/li>\n<\/ul>\n<p>Les donn\u00e9es personnelles inexactes ou incompl\u00e8tes peuvent \u00eatre corrig\u00e9es.<\/p>\n<ul>\n<li><strong>Droit \u00e0 l&rsquo;effacement (ou <\/strong><strong>\u00ab\u00a0droit \u00e0 l&rsquo;oubli\u00a0\u00bb) <\/strong> <\/li>\n<\/ul>\n<p>Vous avez \u00e9galement le droit d&rsquo;obtenir l&rsquo;effacement de vos donn\u00e9es personnelles dans les hypoth\u00e8ses suivantes :<\/p>\n<ul>\n<li style=\"list-style-type: none;\">\n<ul>\n<li>Vos donn\u00e9es personnelles ne sont plus n\u00e9cessaires aux fins pr\u00e9vues ;<\/li>\n<li>Vous retirez votre consentement au traitement et il n&rsquo;y a pas d&rsquo;autre motif l\u00e9gal pour le traitement ;<\/li>\n<li>Vous avez valablement exerc\u00e9 votre droit d&rsquo;opposition ;<\/li>\n<li>Vos donn\u00e9es personnelles ont \u00e9t\u00e9 trait\u00e9es ill\u00e9galement ;<\/li>\n<li>Vos donn\u00e9es personnelles doivent \u00eatre supprim\u00e9es pour respecter une obligation l\u00e9gale.<\/li>\n<\/ul>\n<\/li>\n<\/ul>\n<ul>\n<li><strong>Droit \u00e0 la limitation du traitement<\/strong><\/li>\n<\/ul>\n<p>Dans certains cas, vous avez le droit de demander la limitation du traitement de vos donn\u00e9es personnelles, notamment en cas de contestation quant \u00e0 l&rsquo;exactitude des donn\u00e9es, si les donn\u00e9es personnelles sont n\u00e9cessaires dans le cadre d&rsquo;une proc\u00e9dure judiciaire ou le temps n\u00e9cessaire \u00e0 Wolfers pour v\u00e9rifier que vous pouvez valablement exercer votre droit \u00e0 l&rsquo;effacement.<\/p>\n<ul>\n<li><strong>Droit d&rsquo;opposition<\/strong><\/li>\n<\/ul>\n<p>Vous avez le droit de vous opposer \u00e0 tout moment au traitement de vos donn\u00e9es personnelles \u00e0 des fins de marketing direct. Wolfers cessera de traiter vos donn\u00e9es \u00e0 caract\u00e8re personnel \u00e0 moins qu&rsquo;il ne puisse d\u00e9montrer qu&rsquo;il existe des motifs l\u00e9gitimes imp\u00e9rieux pour le traitement qui pr\u00e9valent sur votre droit d&rsquo;opposition. <\/p>\n<ul>\n<li><strong>Droit \u00e0 la portabilit\u00e9 des donn\u00e9es<\/strong><\/li>\n<\/ul>\n<p>Vous avez le droit d&rsquo;obtenir les donn\u00e9es \u00e0 caract\u00e8re personnel que vous nous avez fournies dans un format structur\u00e9, couramment utilis\u00e9 et lisible par machine. \u00c0 votre demande, ces donn\u00e9es peuvent \u00eatre transf\u00e9r\u00e9es \u00e0 un autre fournisseur, sauf en cas d&rsquo;impossibilit\u00e9 technique. <\/p>\n<ul>\n<li><strong>Droit de retirer votre consentement<\/strong><\/li>\n<\/ul>\n<p>Vous pouvez \u00e0 tout moment retirer votre consentement au traitement de vos donn\u00e9es personnelles, par exemple \u00e0 des fins de marketing direct.<\/p>\n<ul>\n<li><strong>Comment exercer vos droits ?<\/strong><\/li>\n<\/ul>\n<p>Si vous souhaitez exercer vos droits, vous devez envoyer une demande \u00e9crite et une preuve d&rsquo;identit\u00e9 par courrier recommand\u00e9 \u00e0 Wolfers, Boulevard de Waterloo 1- 1000 Bruxelles (Belgique) ou par e-mail \u00e0 info@wolfers.be. Nous vous r\u00e9pondrons dans les meilleurs d\u00e9lais et au plus tard un (1) mois apr\u00e8s r\u00e9ception de la demande. <\/p>\n<ul>\n<li><strong>Possibilit\u00e9 de d\u00e9poser une plainte<\/strong><\/li>\n<\/ul>\n<p>Si vous avez des commentaires ou des plaintes concernant la mani\u00e8re dont nous traitons vos donn\u00e9es personnelles, nous vous demandons de nous en faire part en premier lieu. Nous pourrons ainsi trouver une solution \u00e0 l&rsquo;amiable. Si, apr\u00e8s cette notification, vous n&rsquo;\u00eates toujours pas satisfait du traitement de vos donn\u00e9es personnelles par Wolfers, vous avez le droit d&rsquo;introduire une plainte aupr\u00e8s de l&rsquo;autorit\u00e9 comp\u00e9tente en mati\u00e8re de protection des donn\u00e9es (pour la Belgique : <span><a href=\"https:\/\/www.dataprotectionauthority.be\/)\" target=\"_blank\" rel=\"noopener\">https:\/\/www.dataprotectionauthority.be\/)<\/a><\/span>. <\/p>\n<p>&nbsp;<\/p>\n<p>2018 deJuristen Droit de l&rsquo;informatique et de la propri\u00e9t\u00e9 intellectuelle (<span><a href=\"https:\/\/www.ictrecht.be\" target=\"_blank\" rel=\"noopener\">https:\/\/www.ictrecht.be<\/a><\/span>). Les informations propos\u00e9es sont prot\u00e9g\u00e9es par la l\u00e9gislation sur les droits d&rsquo;auteur, ce qui signifie que ces informations ne peuvent \u00eatre reproduites ou distribu\u00e9es sans l&rsquo;autorisation pr\u00e9alable et \u00e9crite de deJuristen (<span><a href=\"mailto:contact@dejuristen.be\">contact@dejuristen.be<\/a><\/span>). deJuristen conserve donc tous les droits de propri\u00e9t\u00e9 intellectuelle pertinents.  <\/p>\n<\/div><\/div><\/div><\/div><\/div><div class=\"vc_col-sm-2 wpb_column vc_column_container\"><div class=\"vc_column-inner\"><div class=\"wpb_wrapper\"><\/div><\/div><\/div><\/div><\/div><\/section>\n","protected":false},"excerpt":{"rendered":"POLITIQUE DE PROTECTION DE LA VIE PRIV\u00c9E &#8211; WOLFERS 1. Qui sommes-nous ? Le site web www.wolfers.be (ci-apr\u00e8s : le \u00a0\u00bb site web\u00ab\u00a0) est une initiative de : &nbsp; SA WOLFERS 1812 (ci-apr\u00e8s : \u00ab\u00a0Wolfers\u00a0\u00bb et \u00ab\u00a0Nous\u00ab\u00a0) Boulevard de Waterloo, 1 1000 BRUXELLES BELGIQUE TVA BE0432.111.541 info@wolfers.be (+32) 2 513 6150 &nbsp; N&rsquo;h\u00e9sitez pas \u00e0...","protected":false},"author":1,"featured_media":0,"parent":0,"menu_order":23,"comment_status":"closed","ping_status":"open","template":"","meta":{"_acf_changed":false,"footnotes":""},"class_list":["post-3649","page","type-page","status-publish","hentry"],"acf":[],"_links":{"self":[{"href":"https:\/\/www.wolfers.be\/fr\/wp-json\/wp\/v2\/pages\/3649","targetHints":{"allow":["GET"]}}],"collection":[{"href":"https:\/\/www.wolfers.be\/fr\/wp-json\/wp\/v2\/pages"}],"about":[{"href":"https:\/\/www.wolfers.be\/fr\/wp-json\/wp\/v2\/types\/page"}],"author":[{"embeddable":true,"href":"https:\/\/www.wolfers.be\/fr\/wp-json\/wp\/v2\/users\/1"}],"replies":[{"embeddable":true,"href":"https:\/\/www.wolfers.be\/fr\/wp-json\/wp\/v2\/comments?post=3649"}],"version-history":[{"count":2,"href":"https:\/\/www.wolfers.be\/fr\/wp-json\/wp\/v2\/pages\/3649\/revisions"}],"predecessor-version":[{"id":3653,"href":"https:\/\/www.wolfers.be\/fr\/wp-json\/wp\/v2\/pages\/3649\/revisions\/3653"}],"wp:attachment":[{"href":"https:\/\/www.wolfers.be\/fr\/wp-json\/wp\/v2\/media?parent=3649"}],"curies":[{"name":"wp","href":"https:\/\/api.w.org\/{rel}","templated":true}]}}