{"id":6099,"date":"2025-10-19T16:25:24","date_gmt":"2025-10-19T14:25:24","guid":{"rendered":"https:\/\/www.wolfers.be\/respire_ring\/"},"modified":"2026-04-08T13:43:46","modified_gmt":"2026-04-08T11:43:46","slug":"respire_ring","status":"publish","type":"page","link":"https:\/\/www.wolfers.be\/fr\/respire_ring\/","title":{"rendered":"Respire"},"content":{"rendered":"<section class=\"l-section wpb_row us_custom_60e9caca us_animate_this height_auto\"><div class=\"l-section-h i-cf\"><div class=\"g-cols vc_row via_flex valign_top type_default stacking_default\"><div class=\"vc_col-sm-12 wpb_column vc_column_container  has_bg_color\"><div class=\"vc_column-inner us_custom_9fd00dad us_animate_this\"><div class=\"wpb_wrapper\"><\/div><\/div><\/div><\/div><\/div><\/section><section class=\"l-section wpb_row height_auto\"><div class=\"l-section-h i-cf\"><div class=\"g-cols vc_row via_flex valign_top type_default stacking_default\"><div class=\"vc_col-sm-12 wpb_column vc_column_container\"><div class=\"vc_column-inner\"><div class=\"wpb_wrapper\"><div class=\"w-separator size_small\"><\/div><\/div><\/div><\/div><\/div><\/div><\/section><section class=\"l-section wpb_row us_custom_60e9caca mobilepad0bis us_animate_this height_auto\"><div class=\"l-section-h i-cf\"><div class=\"g-cols vc_row via_flex valign_top type_boxes stacking_default\"><div class=\"vc_col-sm-6 wpb_column vc_column_container\"><div class=\"vc_column-inner\"><div class=\"wpb_wrapper\"><div class=\"wpb_text_column\"><div class=\"wpb_wrapper\"><h1>Respire<\/h1>\n<h2 style=\"text-align: left;\">Une bague qui respire avec vous<\/h2>\n<p>Respire incarne l&rsquo;essence m\u00eame du mouvement, de la vie et de l&rsquo;\u00e9l\u00e9gance. Inspir\u00e9 par le rythme naturel de la respiration et des battements du c\u0153ur, ce bijou semble vivant &#8211; il se d\u00e9tend et se resserre, s&rsquo;adaptant \u00e0 celui qui le porte comme une \u0153uvre d&rsquo;art vivante.<\/p>\n<\/div><\/div><div class=\"w-btn-wrapper align_none\"><a class=\"w-btn us-btn-style_2\" href=\"https:\/\/www.wolfers.be\/respire\/\"><span class=\"w-btn-label\">D\u00e9couvrez<\/span><\/a><\/div><\/div><\/div><\/div><div class=\"vc_col-sm-6 wpb_column vc_column_container has_bg_color\"><div class=\"vc_column-inner us_custom_68945136\"><div class=\"wpb_wrapper\"><\/div><\/div><\/div><\/div><\/div><\/section><section class=\"l-section wpb_row us_custom_e11ab399 hide_on_mobiles height_medium\"><div class=\"l-section-h i-cf\"><div class=\"g-cols vc_row via_flex valign_top type_default stacking_default\"><div class=\"vc_col-sm-12 wpb_column vc_column_container\"><div class=\"vc_column-inner\"><div class=\"wpb_wrapper\"><div class=\"w-grid us_product_list type_grid layout_403 cols_3 preload_style_spinner with_css_animation\" id=\"us_product_list_wd7d\" style=\"--columns:3;--gap:1rem;\"><style>@media (max-width:1024px){#us_product_list_wd7d{--columns:2!important}}@media (max-width:768px){#us_product_list_wd7d{--columns:2!important}}.layout_403 .w-grid-item-h{}.layout_403 .usg_post_title_1{color:var(--color-base-custom)!important;font-size:28px!important;font-family:var(--h1-font-family)!important;font-weight:900!important;margin-top:10px!important}.layout_403 .usg_post_content_1{text-align:center!important;margin-top:15px!important;margin-bottom:30px!important}<\/style><div class=\"w-grid-list\">\t<article class=\"w-grid-item us_animate_fade size_1x1 post-5032 product type-product status-publish has-post-thumbnail bridal-alliances collection-respire-fr product_cat-bagues first instock sold-individually purchasable product-type-variable\" data-id=\"5032\" style=\"animation-delay:0s\">\r\n\t\t<div class=\"w-grid-item-h\">\r\n\t\t\t\t\t\t<div class=\"w-post-elm post_image usg_post_image_1 has_ratio\"><a href=\"https:\/\/www.wolfers.be\/fr\/produit\/respire-or-rose\/\" aria-label=\"Bague Respire or rose\"><div class=\"w-post-slider-trigger\" style=\"width:50%; left:0%;\"><\/div><img loading=\"lazy\" decoding=\"async\" width=\"1024\" height=\"1024\" src=\"https:\/\/www.wolfers.be\/wp-content\/uploads\/2025\/10\/respire-Or-rose-1024x1024.jpg\" class=\"attachment-large size-large\" alt=\"\" \/><div class=\"w-post-slider-trigger\" style=\"width:50%; left:50%;\"><\/div><img loading=\"lazy\" decoding=\"async\" width=\"800\" height=\"800\" src=\"https:\/\/www.wolfers.be\/wp-content\/uploads\/2025\/10\/respire3_-800px.jpg\" class=\"attachment-large size-large\" alt=\"\" \/><\/a><div style=\"padding-bottom:100%\"><\/div><\/div><p class=\"w-post-elm post_title usg_post_title_1 has_text_color align_center woocommerce-loop-product__title color_link_inherit\"><a href=\"https:\/\/www.wolfers.be\/fr\/produit\/respire-or-rose\/\">Bague Respire or rose<\/a><\/p><div class=\"w-post-elm post_content usg_post_content_1\"><p class=\"p1\">Bague en or rose 18 ct sertie de diamants, souple et confortable gr\u00e2ce \u00e0 son m\u00e9canisme \u00e0 ressort.<\/p>\n<\/div><p class=\"w-post-elm product_field price usg_product_field_1 gridprice\"><span class=\"woocommerce-Price-amount amount\"><bdi><span class=\"woocommerce-Price-currencySymbol\">&euro;<\/span>&nbsp;2.850<\/bdi><\/span><\/p>\t\t<\/div>\r\n\t\t\t<\/article>\r\n\t<article class=\"w-grid-item us_animate_fade size_1x1 post-5268 product type-product status-publish has-post-thumbnail bridal-alliances collection-respire-fr product_cat-bagues  instock sold-individually purchasable product-type-variable\" data-id=\"5268\" style=\"animation-delay:0.1s\">\r\n\t\t<div class=\"w-grid-item-h\">\r\n\t\t\t\t\t\t<div class=\"w-post-elm post_image usg_post_image_1 has_ratio\"><a href=\"https:\/\/www.wolfers.be\/fr\/produit\/respire-or-jaune-sertie-clos\/\" aria-label=\"Bague Respire or jaune sertie clos\"><div class=\"w-post-slider-trigger\" style=\"width:50%; left:0%;\"><\/div><img loading=\"lazy\" decoding=\"async\" width=\"1024\" height=\"1024\" src=\"https:\/\/www.wolfers.be\/wp-content\/uploads\/2025\/10\/Respireor-jaune_web-1024x1024.jpg\" class=\"attachment-large size-large\" alt=\"\" \/><div class=\"w-post-slider-trigger\" style=\"width:50%; left:50%;\"><\/div><img loading=\"lazy\" decoding=\"async\" width=\"800\" height=\"800\" src=\"https:\/\/www.wolfers.be\/wp-content\/uploads\/2025\/10\/respire10_-800px_2.jpg\" class=\"attachment-large size-large\" alt=\"\" \/><\/a><div style=\"padding-bottom:100%\"><\/div><\/div><p class=\"w-post-elm post_title usg_post_title_1 has_text_color align_center woocommerce-loop-product__title color_link_inherit\"><a href=\"https:\/\/www.wolfers.be\/fr\/produit\/respire-or-jaune-sertie-clos\/\">Bague Respire or jaune sertie clos<\/a><\/p><div class=\"w-post-elm post_content usg_post_content_1\"><p class=\"p1\">Bague en or jaune 18 ct sertie de diamants<\/p>\n<\/div><p class=\"w-post-elm product_field price usg_product_field_1 gridprice\"><span class=\"woocommerce-Price-amount amount\"><bdi><span class=\"woocommerce-Price-currencySymbol\">&euro;<\/span>&nbsp;2.850<\/bdi><\/span><\/p>\t\t<\/div>\r\n\t\t\t<\/article>\r\n\t<article class=\"w-grid-item us_animate_fade size_1x1 post-4936 product type-product status-publish has-post-thumbnail bridal-alliances collection-respire-fr product_cat-bagues last instock sold-individually purchasable product-type-variable\" data-id=\"4936\" style=\"animation-delay:0.2s\">\r\n\t\t<div class=\"w-grid-item-h\">\r\n\t\t\t\t\t\t<div class=\"w-post-elm post_image usg_post_image_1 has_ratio\"><a href=\"https:\/\/www.wolfers.be\/fr\/produit\/respire-or-jaune\/\" aria-label=\"Bague respire or jaune\"><div class=\"w-post-slider-trigger\" style=\"width:50%; left:0%;\"><\/div><img loading=\"lazy\" decoding=\"async\" width=\"1024\" height=\"1024\" src=\"https:\/\/www.wolfers.be\/wp-content\/uploads\/2025\/10\/RespireGold-1024x1024.jpg\" class=\"attachment-large size-large\" alt=\"\" \/><div class=\"w-post-slider-trigger\" style=\"width:50%; left:50%;\"><\/div><img loading=\"lazy\" decoding=\"async\" width=\"800\" height=\"800\" src=\"https:\/\/www.wolfers.be\/wp-content\/uploads\/2025\/10\/respire1_-800px.jpg\" class=\"attachment-large size-large\" alt=\"\" \/><\/a><div style=\"padding-bottom:100%\"><\/div><\/div><p class=\"w-post-elm post_title usg_post_title_1 has_text_color align_center woocommerce-loop-product__title color_link_inherit\"><a href=\"https:\/\/www.wolfers.be\/fr\/produit\/respire-or-jaune\/\">Bague respire or jaune<\/a><\/p><div class=\"w-post-elm post_content usg_post_content_1\"><p class=\"p1\">Bague en or jaune 18 ct sertie de diamants, souple et confortable gr\u00e2ce \u00e0 son m\u00e9canisme \u00e0 ressort.<\/p>\n<\/div><p class=\"w-post-elm product_field price usg_product_field_1 gridprice\"><span class=\"woocommerce-Price-amount amount\"><bdi><span class=\"woocommerce-Price-currencySymbol\">&euro;<\/span>&nbsp;2.850<\/bdi><\/span><\/p>\t\t<\/div>\r\n\t\t\t<\/article>\r\n<\/div><div class=\"g-loadmore hidden\"><div class=\"g-preloader type_1\"><div><\/div><\/div><\/div><div class=\"w-grid-list-json hidden\" onclick='return {&quot;max_num_pages&quot;:0,&quot;paginationBase&quot;:&quot;page&quot;,&quot;pagination&quot;:&quot;none&quot;,&quot;paged&quot;:1,&quot;ajaxData&quot;:{&quot;action&quot;:&quot;us_ajax_product_list&quot;,&quot;meta_type&quot;:&quot;post&quot;,&quot;object_id&quot;:0,&quot;template_vars&quot;:{&quot;shortcode_base&quot;:&quot;us_product_list&quot;,&quot;paged&quot;:1,&quot;max_num_pages&quot;:0,&quot;no_results&quot;:false,&quot;is_product_list&quot;:true,&quot;found_posts&quot;:0,&quot;per_page&quot;:3,&quot;items_count&quot;:3,&quot;orderby_random_seed&quot;:1190892563,&quot;source&quot;:&quot;all&quot;,&quot;ids&quot;:&quot;&quot;,&quot;apply_url_params&quot;:0,&quot;onsale_only&quot;:0,&quot;featured_only&quot;:0,&quot;exclude_out_of_stock&quot;:0,&quot;exclude_hidden&quot;:1,&quot;exclude_current_product&quot;:1,&quot;exclude_prev_posts&quot;:0,&quot;enable_items_offset&quot;:0,&quot;items_offset&quot;:&quot;1&quot;,&quot;price_compare&quot;:&quot;none&quot;,&quot;price&quot;:&quot;99.99&quot;,&quot;price_max&quot;:&quot;299.99&quot;,&quot;tax_query_relation&quot;:&quot;AND&quot;,&quot;tax_query&quot;:&quot;%5B%7B%22operator%22%3A%22IN%22%2C%22taxonomy%22%3A%22collection%22%2C%22terms%22%3A%22321%22%2C%22include_children%22%3A%220%22%7D%2C%7B%22operator%22%3A%22IN%22%2C%22taxonomy%22%3A%22product_cat%22%2C%22include_children%22%3A%220%22%7D%5D&quot;,&quot;meta_query_relation&quot;:&quot;none&quot;,&quot;meta_query&quot;:[{&quot;key&quot;:&quot;custom_field_name&quot;,&quot;compare&quot;:&quot;=&quot;,&quot;value&quot;:&quot;&quot;}],&quot;orderby&quot;:&quot;rand&quot;,&quot;orderby_custom_field&quot;:&quot;&quot;,&quot;orderby_recent_sales_days&quot;:&quot;30&quot;,&quot;orderby_custom_type&quot;:0,&quot;order_invert&quot;:0,&quot;show_all&quot;:0,&quot;quantity&quot;:&quot;3&quot;,&quot;posts_per_archive_page&quot;:0,&quot;no_items_action&quot;:&quot;message&quot;,&quot;no_items_message&quot;:&quot;Aucun r\\u00e9sultat.&quot;,&quot;no_items_page_block&quot;:&quot;&quot;,&quot;pagination&quot;:&quot;none&quot;,&quot;pagination_style&quot;:&quot;&quot;,&quot;pagination_btn_text&quot;:&quot;Charger plus&quot;,&quot;pagination_btn_size&quot;:&quot;&quot;,&quot;pagination_btn_style&quot;:&quot;1&quot;,&quot;pagination_btn_fullwidth&quot;:0,&quot;items_layout&quot;:&quot;403&quot;,&quot;type&quot;:&quot;grid&quot;,&quot;items_valign&quot;:0,&quot;ignore_items_size&quot;:0,&quot;columns&quot;:&quot;3&quot;,&quot;items_gap&quot;:&quot;1rem&quot;,&quot;load_animation&quot;:&quot;fade&quot;,&quot;items_preload_style&quot;:&quot;spinner&quot;,&quot;img_size&quot;:&quot;default&quot;,&quot;title_size&quot;:&quot;&quot;,&quot;items_ratio&quot;:&quot;default&quot;,&quot;items_ratio_width&quot;:&quot;21&quot;,&quot;items_ratio_height&quot;:&quot;9&quot;,&quot;overriding_link&quot;:&quot;%7B%22url%22%3A%22%22%7D&quot;,&quot;popup_page_template&quot;:&quot;0&quot;,&quot;popup_width&quot;:&quot;&quot;,&quot;popup_arrows&quot;:1,&quot;breakpoint_1_width&quot;:&quot;1201px&quot;,&quot;breakpoint_1_cols&quot;:&quot;default&quot;,&quot;breakpoint_1_quantity&quot;:&quot;&quot;,&quot;breakpoint_1_gap&quot;:&quot;&quot;,&quot;breakpoint_2_width&quot;:&quot;1025px&quot;,&quot;breakpoint_2_cols&quot;:&quot;2&quot;,&quot;breakpoint_2_quantity&quot;:&quot;&quot;,&quot;breakpoint_2_gap&quot;:&quot;&quot;,&quot;breakpoint_3_width&quot;:&quot;769px&quot;,&quot;breakpoint_3_cols&quot;:&quot;2&quot;,&quot;breakpoint_3_quantity&quot;:&quot;&quot;,&quot;breakpoint_3_gap&quot;:&quot;&quot;,&quot;conditions_operator&quot;:&quot;always&quot;,&quot;conditions&quot;:[],&quot;css&quot;:null,&quot;el_class&quot;:&quot;&quot;,&quot;el_id&quot;:&quot;&quot;,&quot;enable_custom_html_atts&quot;:0,&quot;custom_html_atts&quot;:null,&quot;hide_on_states&quot;:&quot;&quot;,&quot;hide_for_sticky&quot;:0,&quot;hide_for_not_sticky&quot;:0,&quot;hide_below&quot;:&quot;0px&quot;,&quot;hide_above&quot;:&quot;0px&quot;,&quot;classes&quot;:&quot;&quot;},&quot;found_posts&quot;:0,&quot;per_page&quot;:3,&quot;orderby_random_seed&quot;:1190892563},&quot;facetedFilter&quot;:[]}'><\/div><\/div><div class=\"w-separator size_large\"><\/div><\/div><\/div><\/div><\/div><\/div><\/section><section class=\"l-section wpb_row us_custom_a48da978 overflowcut headeranimation mobilepad0 us_animate_this hide_on_mobiles height_auto\"><div class=\"l-section-h i-cf\"><div class=\"g-cols vc_row via_flex valign_bottom type_default stacking_default\"><div class=\"vc_col-sm-6 wpb_column vc_column_container\"><div class=\"vc_column-inner us_custom_040873c6\"><div class=\"wpb_wrapper\"><div class=\"w-video align_none ratio_initial\"><div class=\"w-video-h\"><video  preload=\"metadata\" playsinline autoplay loop muted><source type=\"video\/mp4\" src=\"https:\/\/www.wolfers.be\/wp-content\/uploads\/2026\/02\/Reel-Respiremp4.mp4\" \/><\/video><\/div><\/div><\/div><\/div><\/div><div class=\"vc_col-sm-6 wpb_column vc_column_container\"><div class=\"vc_column-inner\"><div class=\"wpb_wrapper\"><div class=\"w-image align_none\"><div class=\"w-image-h\"><img decoding=\"async\" width=\"819\" height=\"1024\" src=\"https:\/\/www.wolfers.be\/wp-content\/uploads\/2026\/02\/MG_9515-819x1024.jpg\" class=\"attachment-large size-large\" alt=\"\" loading=\"lazy\" srcset=\"https:\/\/www.wolfers.be\/wp-content\/uploads\/2026\/02\/MG_9515-819x1024.jpg 819w, https:\/\/www.wolfers.be\/wp-content\/uploads\/2026\/02\/MG_9515-240x300.jpg 240w, https:\/\/www.wolfers.be\/wp-content\/uploads\/2026\/02\/MG_9515-600x750.jpg 600w, https:\/\/www.wolfers.be\/wp-content\/uploads\/2026\/02\/MG_9515-64x80.jpg 64w, https:\/\/www.wolfers.be\/wp-content\/uploads\/2026\/02\/MG_9515-scaled.jpg 1600w\" sizes=\"auto, (max-width: 819px) 100vw, 819px\" \/><\/div><\/div><\/div><\/div><\/div><\/div><\/div><\/section><section class=\"l-section wpb_row height_auto\"><div class=\"l-section-h i-cf\"><div class=\"g-cols vc_row via_flex valign_top type_default stacking_default\"><div class=\"vc_col-sm-12 wpb_column vc_column_container\"><div class=\"vc_column-inner\"><div class=\"wpb_wrapper\"><div class=\"w-separator size_small\"><\/div><\/div><\/div><\/div><\/div><\/div><\/section><section class=\"l-section wpb_row us_custom_60e9caca mobilepad0bis us_animate_this height_auto\"><div class=\"l-section-h i-cf\"><div class=\"g-cols vc_row via_flex valign_top type_boxes stacking_default\"><div class=\"vc_col-sm-6 wpb_column vc_column_container has_text_color has_bg_color\"><div class=\"vc_column-inner us_custom_a7c5c822\"><div class=\"wpb_wrapper\"><div class=\"wpb_text_column\"><div class=\"wpb_wrapper\"><h2>Respire<\/h2>\n<p>The name Respire comes from the French word respirer (\u00ab\u00a0to breathe\u00a0\u00bb), symbolizes freedom, adaptability, and the quiet strength of rhythm. Like a steady inhale and exhale of life, each jewel expresses balance, grace and vitality &#8211; a seamless blend of Wolfers&rsquo; 200-year legacy of craftmanship and forward-looking innovation.<\/p>\n<\/div><\/div><\/div><\/div><\/div><div class=\"vc_col-sm-6 wpb_column vc_column_container has_bg_color\"><div class=\"vc_column-inner us_custom_7299dc04\"><div class=\"wpb_wrapper\"><\/div><\/div><\/div><\/div><\/div><\/section><section class=\"l-section wpb_row us_custom_60e9caca mobilepad0bis us_animate_this height_medium\"><div class=\"l-section-h i-cf\"><div class=\"g-cols vc_row via_flex valign_top type_boxes reversed stacking_default\"><div class=\"vc_col-sm-6 wpb_column vc_column_container has_bg_color\"><div class=\"vc_column-inner us_custom_e624a4ab\"><div class=\"wpb_wrapper\"><\/div><\/div><\/div><div class=\"vc_col-sm-6 wpb_column vc_column_container has_text_color has_bg_color\"><div class=\"vc_column-inner us_custom_4046cbfb\"><div class=\"wpb_wrapper\"><div class=\"wpb_text_column\"><div class=\"wpb_wrapper\"><p>Gr\u00e2ce \u00e0 un m\u00e9canisme \u00e0 ressort cach\u00e9 raffin\u00e9, chaque pi\u00e8ce s&rsquo;ajuste d\u00e9licatement \u00e0 la taille, cr\u00e9ant une harmonie parfaite entre confort et beaut\u00e9.<br \/>\nCette innovation invisible transforme les bijoux raffin\u00e9s en objets intimes et dynamiques, des cr\u00e9ations qui respirent avec vous, battent avec vous et vivent avec vous.<\/p>\n<\/div><\/div><div class=\"w-separator size_small\"><\/div><div class=\"w-btn-wrapper align_none\"><a class=\"w-btn us-btn-style_2 us_custom_836f727b has_text_color\" href=\"https:\/\/www.wolfers.be\/jewellery\/respire\/\"><span class=\"w-btn-label\">D\u00e9couvrez<\/span><\/a><\/div><\/div><\/div><\/div><\/div><\/div><\/section><section class=\"l-section wpb_row us_custom_60e9caca mobilepad0bis us_animate_this height_medium\"><div class=\"l-section-h i-cf\"><div class=\"g-cols vc_row via_flex valign_top type_boxes reversed stacking_default\"><div class=\"vc_col-sm-6 wpb_column vc_column_container has_bg_color\"><div class=\"vc_column-inner us_custom_21daf699\"><div class=\"wpb_wrapper\"><\/div><\/div><\/div><div class=\"vc_col-sm-6 wpb_column vc_column_container has_bg_color\"><div class=\"vc_column-inner us_custom_f2689307\"><div class=\"wpb_wrapper\"><\/div><\/div><\/div><\/div><\/div><\/section><section class=\"l-section wpb_row height_auto\"><div class=\"l-section-h i-cf\"><div class=\"g-cols vc_row via_flex valign_top type_default stacking_default\"><div class=\"vc_col-sm-12 wpb_column vc_column_container has_bg_color\"><div class=\"vc_column-inner us_custom_f6de52ae\"><div class=\"wpb_wrapper\"><div class=\"w-separator size_small\"><\/div><div class=\"w-btn-wrapper align_center\"><a class=\"w-btn us-btn-style_2 us_custom_836f727b has_text_color\" href=\"https:\/\/www.wolfers.be\/respire\/\"><span class=\"w-btn-label\">D\u00e9couvrez<\/span><\/a><\/div><div class=\"w-image align_center\"><div class=\"w-image-h\"><img decoding=\"async\" width=\"600\" height=\"194\" src=\"https:\/\/www.wolfers.be\/wp-content\/uploads\/2025\/10\/logo-respire-Motion_1.gif\" class=\"attachment-woocommerce_single size-woocommerce_single\" alt=\"\" loading=\"lazy\" \/><\/div><\/div><\/div><\/div><\/div><\/div><\/div><\/section>\n","protected":false},"excerpt":{"rendered":"Bague respire en or jaune 18 carats, sertie de diamants en serti griffe. Largeur : 3,4 mm, dot\u00e9e d\u2019un m\u00e9canisme \u00e0 ressort innovant offrant un confort et une flexibilit\u00e9 exceptionnels.","protected":false},"author":6,"featured_media":0,"parent":0,"menu_order":3,"comment_status":"closed","ping_status":"closed","template":"","meta":{"_acf_changed":false,"footnotes":""},"class_list":["post-6099","page","type-page","status-publish","hentry"],"acf":[],"_links":{"self":[{"href":"https:\/\/www.wolfers.be\/fr\/wp-json\/wp\/v2\/pages\/6099","targetHints":{"allow":["GET"]}}],"collection":[{"href":"https:\/\/www.wolfers.be\/fr\/wp-json\/wp\/v2\/pages"}],"about":[{"href":"https:\/\/www.wolfers.be\/fr\/wp-json\/wp\/v2\/types\/page"}],"author":[{"embeddable":true,"href":"https:\/\/www.wolfers.be\/fr\/wp-json\/wp\/v2\/users\/6"}],"replies":[{"embeddable":true,"href":"https:\/\/www.wolfers.be\/fr\/wp-json\/wp\/v2\/comments?post=6099"}],"version-history":[{"count":5,"href":"https:\/\/www.wolfers.be\/fr\/wp-json\/wp\/v2\/pages\/6099\/revisions"}],"predecessor-version":[{"id":6170,"href":"https:\/\/www.wolfers.be\/fr\/wp-json\/wp\/v2\/pages\/6099\/revisions\/6170"}],"wp:attachment":[{"href":"https:\/\/www.wolfers.be\/fr\/wp-json\/wp\/v2\/media?parent=6099"}],"curies":[{"name":"wp","href":"https:\/\/api.w.org\/{rel}","templated":true}]}}