{"id":3953,"date":"2024-09-27T13:27:20","date_gmt":"2024-09-27T11:27:20","guid":{"rendered":"https:\/\/www.wolfers.be\/product\/collier-en-trillion-2\/"},"modified":"2025-03-27T09:12:45","modified_gmt":"2025-03-27T08:12:45","slug":"collier-en-trillion-2","status":"publish","type":"product","link":"https:\/\/www.wolfers.be\/fr\/produit\/collier-en-trillion-2\/","title":{"rendered":"Collier en trillion"},"content":{"rendered":"<p>Collier <strong>trillion<\/strong> avec cha\u00eene en or blanc 18k et pendentif en or blanc 18k serti d&rsquo;un grenat organe de 1,24 ct taill\u00e9 en trillion et de diamants pav\u00e9s.<\/p>\n","protected":false},"excerpt":{"rendered":"<p>Or blanc avec grenat mandarin et diamants<\/p>\n","protected":false},"featured_media":804,"template":"","meta":{"_acf_changed":false},"bridal":[214],"collection":[],"product_brand":[],"product_cat":[146],"product_tag":[],"class_list":{"0":"post-3953","1":"product","2":"type-product","3":"status-publish","4":"has-post-thumbnail","6":"bridal-colliers","7":"product_cat-colliers","9":"first","10":"instock","11":"sold-individually","12":"purchasable","13":"product-type-simple"},"acf":[],"_links":{"self":[{"href":"https:\/\/www.wolfers.be\/fr\/wp-json\/wp\/v2\/product\/3953","targetHints":{"allow":["GET"]}}],"collection":[{"href":"https:\/\/www.wolfers.be\/fr\/wp-json\/wp\/v2\/product"}],"about":[{"href":"https:\/\/www.wolfers.be\/fr\/wp-json\/wp\/v2\/types\/product"}],"wp:featuredmedia":[{"embeddable":true,"href":"https:\/\/www.wolfers.be\/fr\/wp-json\/wp\/v2\/media\/804"}],"wp:attachment":[{"href":"https:\/\/www.wolfers.be\/fr\/wp-json\/wp\/v2\/media?parent=3953"}],"wp:term":[{"taxonomy":"bridal","embeddable":true,"href":"https:\/\/www.wolfers.be\/fr\/wp-json\/wp\/v2\/bridal?post=3953"},{"taxonomy":"collection","embeddable":true,"href":"https:\/\/www.wolfers.be\/fr\/wp-json\/wp\/v2\/collection?post=3953"},{"taxonomy":"product_brand","embeddable":true,"href":"https:\/\/www.wolfers.be\/fr\/wp-json\/wp\/v2\/product_brand?post=3953"},{"taxonomy":"product_cat","embeddable":true,"href":"https:\/\/www.wolfers.be\/fr\/wp-json\/wp\/v2\/product_cat?post=3953"},{"taxonomy":"product_tag","embeddable":true,"href":"https:\/\/www.wolfers.be\/fr\/wp-json\/wp\/v2\/product_tag?post=3953"}],"curies":[{"name":"wp","href":"https:\/\/api.w.org\/{rel}","templated":true}]}}