{"id":3985,"date":"2024-09-27T13:27:23","date_gmt":"2024-09-27T11:27:23","guid":{"rendered":"https:\/\/www.wolfers.be\/product\/collier-en-forme-de-coeur\/"},"modified":"2025-03-27T09:13:02","modified_gmt":"2025-03-27T08:13:02","slug":"collier-en-forme-de-coeur","status":"publish","type":"product","link":"https:\/\/www.wolfers.be\/fr\/produit\/collier-en-forme-de-coeur\/","title":{"rendered":"Collier en forme de c\u0153ur"},"content":{"rendered":"<p>Collier en <strong>forme<\/strong> de c\u0153ur avec cha\u00eene en or 18k et pendentif en or jaune 18k, serti d&rsquo;un diamant en forme de c\u0153ur de 0,80 ct et de diamants pav\u00e9s.<\/p>\n","protected":false},"excerpt":{"rendered":"<p>Or jaune, diamants, diamant en forme de c\u0153ur<\/p>\n","protected":false},"featured_media":849,"template":"","meta":{"_acf_changed":false},"bridal":[214],"collection":[],"product_brand":[],"product_cat":[146],"product_tag":[],"class_list":{"0":"post-3985","1":"product","2":"type-product","3":"status-publish","4":"has-post-thumbnail","6":"bridal-colliers","7":"product_cat-colliers","9":"first","10":"instock","11":"sold-individually","12":"purchasable","13":"product-type-simple"},"acf":[],"_links":{"self":[{"href":"https:\/\/www.wolfers.be\/fr\/wp-json\/wp\/v2\/product\/3985","targetHints":{"allow":["GET"]}}],"collection":[{"href":"https:\/\/www.wolfers.be\/fr\/wp-json\/wp\/v2\/product"}],"about":[{"href":"https:\/\/www.wolfers.be\/fr\/wp-json\/wp\/v2\/types\/product"}],"wp:featuredmedia":[{"embeddable":true,"href":"https:\/\/www.wolfers.be\/fr\/wp-json\/wp\/v2\/media\/849"}],"wp:attachment":[{"href":"https:\/\/www.wolfers.be\/fr\/wp-json\/wp\/v2\/media?parent=3985"}],"wp:term":[{"taxonomy":"bridal","embeddable":true,"href":"https:\/\/www.wolfers.be\/fr\/wp-json\/wp\/v2\/bridal?post=3985"},{"taxonomy":"collection","embeddable":true,"href":"https:\/\/www.wolfers.be\/fr\/wp-json\/wp\/v2\/collection?post=3985"},{"taxonomy":"product_brand","embeddable":true,"href":"https:\/\/www.wolfers.be\/fr\/wp-json\/wp\/v2\/product_brand?post=3985"},{"taxonomy":"product_cat","embeddable":true,"href":"https:\/\/www.wolfers.be\/fr\/wp-json\/wp\/v2\/product_cat?post=3985"},{"taxonomy":"product_tag","embeddable":true,"href":"https:\/\/www.wolfers.be\/fr\/wp-json\/wp\/v2\/product_tag?post=3985"}],"curies":[{"name":"wp","href":"https:\/\/api.w.org\/{rel}","templated":true}]}}