{"id":4154,"date":"2024-09-27T13:27:47","date_gmt":"2024-09-27T11:27:47","guid":{"rendered":"https:\/\/www.wolfers.be\/product\/collier-gatsby-3\/"},"modified":"2025-03-27T09:08:49","modified_gmt":"2025-03-27T08:08:49","slug":"collier-gatsby-3","status":"publish","type":"product","link":"https:\/\/www.wolfers.be\/fr\/produit\/collier-gatsby-3\/","title":{"rendered":"Collier Gatsby"},"content":{"rendered":"<p>Collier <strong>Gatsby<\/strong> avec cha\u00eene en or blanc 18k et pendentif en or blanc 18k serti d&rsquo;une aigue-marine Santa Maria taille \u00e9meraude de 10,31 ct, de diamants blancs pav\u00e9s, de diamants noirs, d&rsquo;onyx et d&rsquo;\u00e9meraudes.<\/p>\n","protected":false},"excerpt":{"rendered":"<p>Or blanc avec aigue-marine Santa Maria, \u00e9meraudes, diamants blancs et noirs<\/p>\n","protected":false},"featured_media":1269,"template":"","meta":{"_acf_changed":false},"bridal":[214],"collection":[],"product_brand":[],"product_cat":[146],"product_tag":[],"class_list":{"0":"post-4154","1":"product","2":"type-product","3":"status-publish","4":"has-post-thumbnail","6":"bridal-colliers","7":"product_cat-colliers","9":"first","10":"instock","11":"sold-individually","12":"purchasable","13":"product-type-simple"},"acf":[],"_links":{"self":[{"href":"https:\/\/www.wolfers.be\/fr\/wp-json\/wp\/v2\/product\/4154","targetHints":{"allow":["GET"]}}],"collection":[{"href":"https:\/\/www.wolfers.be\/fr\/wp-json\/wp\/v2\/product"}],"about":[{"href":"https:\/\/www.wolfers.be\/fr\/wp-json\/wp\/v2\/types\/product"}],"wp:featuredmedia":[{"embeddable":true,"href":"https:\/\/www.wolfers.be\/fr\/wp-json\/wp\/v2\/media\/1269"}],"wp:attachment":[{"href":"https:\/\/www.wolfers.be\/fr\/wp-json\/wp\/v2\/media?parent=4154"}],"wp:term":[{"taxonomy":"bridal","embeddable":true,"href":"https:\/\/www.wolfers.be\/fr\/wp-json\/wp\/v2\/bridal?post=4154"},{"taxonomy":"collection","embeddable":true,"href":"https:\/\/www.wolfers.be\/fr\/wp-json\/wp\/v2\/collection?post=4154"},{"taxonomy":"product_brand","embeddable":true,"href":"https:\/\/www.wolfers.be\/fr\/wp-json\/wp\/v2\/product_brand?post=4154"},{"taxonomy":"product_cat","embeddable":true,"href":"https:\/\/www.wolfers.be\/fr\/wp-json\/wp\/v2\/product_cat?post=4154"},{"taxonomy":"product_tag","embeddable":true,"href":"https:\/\/www.wolfers.be\/fr\/wp-json\/wp\/v2\/product_tag?post=4154"}],"curies":[{"name":"wp","href":"https:\/\/api.w.org\/{rel}","templated":true}]}}