{"id":4169,"date":"2024-09-27T13:27:47","date_gmt":"2024-09-27T11:27:47","guid":{"rendered":"https:\/\/www.wolfers.be\/product\/collier-gourmande-4\/"},"modified":"2025-03-27T09:11:29","modified_gmt":"2025-03-27T08:11:29","slug":"collier-gourmande-4","status":"publish","type":"product","link":"https:\/\/www.wolfers.be\/fr\/produit\/collier-gourmande-4\/","title":{"rendered":"Collier Gourmande"},"content":{"rendered":"<p>Collier <strong>Gourmande<\/strong> avec cha\u00eene en or rose 18k et pendentif en or rose 18k serti d&rsquo;un diamant trillion de 0,64 ct, d&rsquo;une rubellite trap\u00e9zo\u00efdale de 0,38 ct et d&rsquo;un p\u00e9ridot serti d&rsquo;\u00e9meraudes de 2,68 ct.<\/p>\n","protected":false},"excerpt":{"rendered":"<p>Or rose avec rubellite, p\u00e9ridot et diamants<\/p>\n","protected":false},"featured_media":1233,"template":"","meta":{"_acf_changed":false},"bridal":[],"collection":[],"product_brand":[],"product_cat":[146],"product_tag":[],"class_list":{"0":"post-4169","1":"product","2":"type-product","3":"status-publish","4":"has-post-thumbnail","6":"product_cat-colliers","8":"first","9":"instock","10":"sold-individually","11":"purchasable","12":"product-type-simple"},"acf":[],"_links":{"self":[{"href":"https:\/\/www.wolfers.be\/fr\/wp-json\/wp\/v2\/product\/4169","targetHints":{"allow":["GET"]}}],"collection":[{"href":"https:\/\/www.wolfers.be\/fr\/wp-json\/wp\/v2\/product"}],"about":[{"href":"https:\/\/www.wolfers.be\/fr\/wp-json\/wp\/v2\/types\/product"}],"wp:featuredmedia":[{"embeddable":true,"href":"https:\/\/www.wolfers.be\/fr\/wp-json\/wp\/v2\/media\/1233"}],"wp:attachment":[{"href":"https:\/\/www.wolfers.be\/fr\/wp-json\/wp\/v2\/media?parent=4169"}],"wp:term":[{"taxonomy":"bridal","embeddable":true,"href":"https:\/\/www.wolfers.be\/fr\/wp-json\/wp\/v2\/bridal?post=4169"},{"taxonomy":"collection","embeddable":true,"href":"https:\/\/www.wolfers.be\/fr\/wp-json\/wp\/v2\/collection?post=4169"},{"taxonomy":"product_brand","embeddable":true,"href":"https:\/\/www.wolfers.be\/fr\/wp-json\/wp\/v2\/product_brand?post=4169"},{"taxonomy":"product_cat","embeddable":true,"href":"https:\/\/www.wolfers.be\/fr\/wp-json\/wp\/v2\/product_cat?post=4169"},{"taxonomy":"product_tag","embeddable":true,"href":"https:\/\/www.wolfers.be\/fr\/wp-json\/wp\/v2\/product_tag?post=4169"}],"curies":[{"name":"wp","href":"https:\/\/api.w.org\/{rel}","templated":true}]}}