{"id":3524,"date":"2024-07-16T16:13:17","date_gmt":"2024-07-16T14:13:17","guid":{"rendered":"https:\/\/www.wolfers.be\/op-maat\/unieke-creatie\/"},"modified":"2026-03-12T11:30:47","modified_gmt":"2026-03-12T10:30:47","slug":"unieke-creatie","status":"publish","type":"page","link":"https:\/\/www.wolfers.be\/nl\/op-maat\/unieke-creatie\/","title":{"rendered":"Unieke creatie"},"content":{"rendered":"<section class=\"l-section wpb_row mobilepad0bis height_auto\"><div class=\"l-section-h i-cf\"><div class=\"g-cols vc_row via_flex valign_top type_boxes reversed stacking_default\"><div class=\"vc_col-sm-6 wpb_column vc_column_container\"><div class=\"vc_column-inner us_custom_a518f36e us_animate_this\"><div class=\"wpb_wrapper\"><div class=\"wpb_text_column us_custom_953b6b7d smallh1\"><div class=\"wpb_wrapper\"><p>Een uitzonderlijke reis van artistieke creatie<br \/>\ndie uw droom tot leven brengt<\/p>\n<\/div><\/div><div class=\"w-separator size_large\"><\/div><div class=\"wpb_text_column smallh1\"><div class=\"wpb_wrapper\"><h1>Tijdloze elegantie,<br \/>\nBelgische excellentie<\/h1>\n<p>Als prestigieus symbool van Belgische juwelen over de hele wereld, overstijgt Maison Wolfers modes en trends. Met gratie, verfijning en een bekwame geometrische precisie die hun kenmerk blijft&#8230;<\/p>\n<\/div><\/div><\/div><\/div><\/div><div class=\"vc_col-sm-6 wpb_column vc_column_container  has_bg_color\"><div class=\"vc_column-inner us_custom_c4dfdb7a us_animate_this\"><div class=\"wpb_wrapper\"><\/div><\/div><\/div><\/div><\/div><\/section><section class=\"l-section wpb_row mobilepad0bis height_medium\"><div class=\"l-section-h i-cf\"><div class=\"g-cols vc_row via_flex valign_top type_boxes stacking_default\"><div class=\"vc_col-sm-6 wpb_column vc_column_container  has_bg_color\"><div class=\"vc_column-inner us_custom_440bd355 us_animate_this\"><div class=\"wpb_wrapper\"><\/div><\/div><\/div><div class=\"vc_col-sm-6 wpb_column vc_column_container\"><div class=\"vc_column-inner us_custom_a518f36e us_animate_this\"><div class=\"wpb_wrapper\"><div class=\"wpb_text_column\"><div class=\"wpb_wrapper\"><h2>De miniatuur van een grote droom begint met een eenvoudig idee<\/h2>\n<p>Meer dan een stijl, een geest. Geraffineerd, afgemeten, tijdloos. Een Wolfers sieraad op maat van uw droom is de combinatie van verfijning, de zoektocht naar elegantie en een creatieve durf gevoed door twee eeuwen van savoir-faire.<\/p>\n<\/div><\/div><\/div><\/div><\/div><\/div><\/div><\/section><section class=\"l-section wpb_row mobilepad0bis height_auto\"><div class=\"l-section-h i-cf\"><div class=\"g-cols vc_row via_flex valign_top type_boxes reversed stacking_default\"><div class=\"vc_col-sm-6 wpb_column vc_column_container  has_bg_color\"><div class=\"vc_column-inner us_custom_6827d6e2 us_animate_this\"><div class=\"wpb_wrapper\"><div class=\"wpb_text_column\"><div class=\"wpb_wrapper\"><h3>De ziel van je droom<\/h3>\n<p>Elk buitengewoon sieraad heeft een ziel, of het nu versierd is met diamanten, saffieren, robijnen, smaragden of andere schitterende gekleurde edelstenen. Alleen de mooiste stenen, perfect afgestemd op uw visie, zijn het waard om deel uit te maken van uw droomcreatie. Bij Maison Wolfers zijn we er trots op dat we elke edelsteen met de hand selecteren met een standvastige toewijding aan schoonheid en zeldzaamheid, zodat elk juweel uniek is en uw wensen weerspiegelt.<\/p>\n<\/div><\/div><\/div><\/div><\/div><div class=\"vc_col-sm-6 wpb_column vc_column_container  has_bg_color\"><div class=\"vc_column-inner us_custom_840f1179 us_animate_this\"><div class=\"wpb_wrapper\"><\/div><\/div><\/div><\/div><\/div><\/section><section class=\"l-section wpb_row mobilepad0bis height_medium\"><div class=\"l-section-h i-cf\"><div class=\"g-cols vc_row via_flex valign_top type_boxes stacking_default\"><div class=\"vc_col-sm-6 wpb_column vc_column_container  has_bg_color\"><div class=\"vc_column-inner us_custom_23001c31 us_animate_this\"><div class=\"wpb_wrapper\"><\/div><\/div><\/div><div class=\"vc_col-sm-6 wpb_column vc_column_container\"><div class=\"vc_column-inner us_custom_a518f36e us_animate_this\"><div class=\"wpb_wrapper\"><div class=\"wpb_text_column\"><div class=\"wpb_wrapper\"><h3>Meesterlijk vakmanschap,<br \/>\nonvergelijkbare perfectie<\/h3>\n<p>Het is ons voorrecht om uw uniek sieraad te cre\u00eberen, een taak die we uitsluitend toevertrouwen aan onze meester-ambachtslieden &#8211; de &#8216;gouden handen&#8217; achter elke creatie. Met een diep respect voor \u00e9\u00e9n van onze kernwaarden, &#8220;technische perfectie&#8221;, brengen zij uw visie tot leven.<br \/>\nVerankerd in de puurste tradities van het maken van sieraden, waar &#8220;ambachtsman&#8221; &#8220;kunst&#8221; betekent, zijn de ambachtslieden bij Wolfers echte experts, gepassioneerd toegewijd aan hun vak. Hun uitgebreide kennis, in combinatie met de nieuwste technologie, stelt hen in staat om vakkundig de schoonheid van elke edelsteen te onthullen.<\/p>\n<\/div><\/div><div class=\"w-separator size_medium\"><\/div>[vc_raw_html]PCEtLSBDYWxlbmRseSBsaW5rIHdpZGdldCBiZWdpbiAtLT4KPGxpbmsgaHJlZj0iaHR0cHM6Ly9hc3NldHMuY2FsZW5kbHkuY29tL2Fzc2V0cy9leHRlcm5hbC93aWRnZXQuY3NzIiByZWw9InN0eWxlc2hlZXQiPgo8c2NyaXB0IHNyYz0iaHR0cHM6Ly9hc3NldHMuY2FsZW5kbHkuY29tL2Fzc2V0cy9leHRlcm5hbC93aWRnZXQuanMiIHR5cGU9InRleHQvamF2YXNjcmlwdCIgYXN5bmM9IiI+PC9zY3JpcHQ+CjxhIGhyZWY9IiIgY2xhc3M9ImJ1dHRvbiIgb25jbGljaz0iQ2FsZW5kbHkuaW5pdFBvcHVwV2lkZ2V0KHt1cmw6ICdodHRwczovL2NhbGVuZGx5LmNvbS93b2xmZXJzLTE4MTIveW91ci1hcHBvaW50bWVudD90ZXh0X2NvbG9yPTM4NGE1OSZhbXA7cHJpbWFyeV9jb2xvcj0zODRhNTknfSk7cmV0dXJuIGZhbHNlOyI+TWFhayBlZW4gYWZzcHJhYWs8L2E+CjwhLS0gQ2FsZW5kbHkgbGluayB3aWRnZXQgZW5kIC0tPg==[\/vc_raw_html]<\/div><\/div><\/div><\/div><\/div><\/section><section class=\"l-section wpb_row height_auto\"><div class=\"l-section-h i-cf\"><div class=\"g-cols vc_row via_flex valign_top type_boxes stacking_default\"><div class=\"vc_col-sm-8 wpb_column vc_column_container\"><div class=\"vc_column-inner\"><div class=\"wpb_wrapper\"><div class=\"w-separator size_huge\"><\/div><div class=\"wpb_text_column\"><div class=\"wpb_wrapper\"><h2>Unieke creatie \u2013 De kunst om het ongeziene vorm te geven<\/h2>\n<p><strong>Een buitengewone aanpak<\/strong><\/p>\n<p>De unieke creatie bij Wolfers ontstaat vanuit een diep artistieke benadering, waarin elk juweel wordt geboren uit een singulare intentie. Los van vooraf vastgelegde codes maakt deze werkwijze het mogelijk een stuk te bedenken dat nergens anders zijn gelijke kent, ontworpen exclusief voor \u00e9\u00e9n persoon, \u00e9\u00e9n moment of \u00e9\u00e9n bijzonder verhaal. Het juweel wordt zo een verlengstuk van de identiteit \u2014 een kunstwerk dat met subtiliteit en distinctie een persoonlijke visie tot leven brengt.<\/p>\n<\/div><\/div><\/div><\/div><\/div><div class=\"vc_col-sm-4 wpb_column vc_column_container\"><div class=\"vc_column-inner\"><div class=\"wpb_wrapper\"><\/div><\/div><\/div><\/div><\/div><\/section><section class=\"l-section wpb_row us_custom_60e9caca mobilepad0bis us_animate_this height_medium\"><div class=\"l-section-h i-cf\"><div class=\"g-cols vc_row via_flex valign_top type_boxes reversed stacking_default\"><div class=\"vc_col-sm-6 wpb_column vc_column_container has_bg_color\"><div class=\"vc_column-inner us_custom_81c96d0b\"><div class=\"wpb_wrapper\"><\/div><\/div><\/div><div class=\"vc_col-sm-6 wpb_column vc_column_container has_bg_color\"><div class=\"vc_column-inner us_custom_e2a89d3b\"><div class=\"wpb_wrapper\"><div class=\"wpb_text_column\"><div class=\"wpb_wrapper\"><h2>Cultuur van excellentie<\/h2>\n<p>Elke creatie vindt haar oorsprong in een juwelierscultuur die is gebaseerd op precisie, beheersing van vormen en respect voor edele materialen. Het evenwicht van de volumes, de vloeiendheid van de lijnen en de nauwkeurigheid van de proporties worden met grote zorg bestudeerd om tot een esthetiek te komen die coherent en tijdloos is. Deze voortdurende eisen maken het mogelijk juwelen te ontwerpen waarin de verfijning zich in de details onthult, zonder ooit in overdaad te vervallen.<\/p>\n<h2>De steen als inspiratiebron<\/h2>\n<p>In het hart van elk project bevindt zich een edelsteen die is gekozen om haar karakter, haar licht en haar unieke persoonlijkheid. Of het nu gaat om een uitzonderlijke diamant, een zeldzame gekleurde edelsteen of een subtielere steen met discreet charisma \u2014 elke selectie wordt gemaakt met bijzondere aandacht voor visuele \u00e9n emotionele harmonie. De steen beperkt zich niet tot het sieren van het juweel: ze wordt het ankerpunt ervan, dat het ontwerp richting geeft en elke creatieve beslissing be\u00efnvloedt.<\/p>\n<\/div><\/div><div class=\"w-separator size_small\"><\/div><\/div><\/div><\/div><\/div><\/div><\/section><section class=\"l-section wpb_row height_medium\"><div class=\"l-section-h i-cf\"><div class=\"g-cols vc_row via_flex valign_top type_boxes stacking_default\"><div class=\"vc_col-sm-6 wpb_column vc_column_container\"><div class=\"vc_column-inner\"><div class=\"wpb_wrapper\"><div class=\"wpb_text_column\"><div class=\"wpb_wrapper\"><h2>Creatieve uitwisseling<\/h2>\n<p>Unieke creatie is bij Wolfers v\u00f3\u00f3r alles een nauwe samenwerking. De teams van Wolfers begeleiden elke klant in een aandachtig en persoonlijk gesprek, waarbij een intentie wordt vertaald naar lijnen, materialen en volumes.<\/p>\n<p>Via schetsen, verfijningen en technische keuzes krijgt het juweel geleidelijk vorm. Elke stap is zorgvuldig doordacht om de oorspronkelijke visie te respecteren, terwijl comfort, evenwicht en duurzaamheid worden gegarandeerd.<\/p>\n<\/div><\/div><\/div><\/div><\/div><div class=\"vc_col-sm-6 wpb_column vc_column_container\"><div class=\"vc_column-inner\"><div class=\"wpb_wrapper\"><div class=\"wpb_text_column\"><div class=\"wpb_wrapper\"><h2>Een persoonlijk erfstuk<\/h2>\n<p>De finale realisatie wordt toevertrouwd aan uitmuntende ambachtslieden, wier precieze handelingen het ontwerp met zowel rigor als gevoeligheid tot leven brengen.<\/p>\n<p>Het zetten van de stenen, de afwerking en het polijsten worden uitgevoerd met de grootste zorg, waardoor een juweel ontstaat met een stille, ingetogen elegantie. De unieke Wolfers\u2011creatie wordt zo een betekenisvol juweel, ontworpen om de tijd te doorstaan en te worden doorgegeven \u2014 niet louter als object, maar als een kostbaar verhaal.<\/p>\n<\/div><\/div><\/div><\/div><\/div><\/div><\/div><\/section>\n","protected":false},"excerpt":{"rendered":"Een uitzonderlijke reis van artistieke creatie die uw droom tot leven brengt Tijdloze elegantie, Belgische excellentie Als prestigieus symbool van Belgische juwelen over de hele wereld, overstijgt Maison Wolfers modes en trends. Met gratie, verfijning en een bekwame geometrische precisie die hun kenmerk blijft&#8230; De miniatuur van een grote droom begint met een eenvoudig idee...","protected":false},"author":1,"featured_media":0,"parent":3405,"menu_order":0,"comment_status":"closed","ping_status":"closed","template":"","meta":{"_acf_changed":false,"footnotes":""},"class_list":["post-3524","page","type-page","status-publish","hentry"],"acf":[],"_links":{"self":[{"href":"https:\/\/www.wolfers.be\/nl\/wp-json\/wp\/v2\/pages\/3524","targetHints":{"allow":["GET"]}}],"collection":[{"href":"https:\/\/www.wolfers.be\/nl\/wp-json\/wp\/v2\/pages"}],"about":[{"href":"https:\/\/www.wolfers.be\/nl\/wp-json\/wp\/v2\/types\/page"}],"author":[{"embeddable":true,"href":"https:\/\/www.wolfers.be\/nl\/wp-json\/wp\/v2\/users\/1"}],"replies":[{"embeddable":true,"href":"https:\/\/www.wolfers.be\/nl\/wp-json\/wp\/v2\/comments?post=3524"}],"version-history":[{"count":9,"href":"https:\/\/www.wolfers.be\/nl\/wp-json\/wp\/v2\/pages\/3524\/revisions"}],"predecessor-version":[{"id":6300,"href":"https:\/\/www.wolfers.be\/nl\/wp-json\/wp\/v2\/pages\/3524\/revisions\/6300"}],"up":[{"embeddable":true,"href":"https:\/\/www.wolfers.be\/nl\/wp-json\/wp\/v2\/pages\/3405"}],"wp:attachment":[{"href":"https:\/\/www.wolfers.be\/nl\/wp-json\/wp\/v2\/media?parent=3524"}],"curies":[{"name":"wp","href":"https:\/\/api.w.org\/{rel}","templated":true}]}}